{"id":1227,"date":"2022-05-16T16:02:37","date_gmt":"2022-05-16T14:02:37","guid":{"rendered":"https:\/\/www.bjckm.de\/?page_id=1227"},"modified":"2022-05-19T17:36:11","modified_gmt":"2022-05-19T15:36:11","slug":"ergebnisse-ptb-2022","status":"publish","type":"page","link":"https:\/\/www.bjckm.de\/index.php\/ergebnisse-ptb-2022\/","title":{"rendered":"Ergebnisliste Praxisnahe Textbearbeitung 2022"},"content":{"rendered":"<h4><strong><span style=\"font-variant: small-caps;\">Schulen<\/span><\/strong><\/h4>\n<h5>Altersklasse A<\/h5>\n<div class=\"su-table su-table-responsive su-table-alternate\">\n<table>\n<tbody>\n<tr>\n<td><strong>Platz<\/strong><\/td>\n<td><strong>Name<\/strong><\/td>\n<td><strong>Veranstalter<\/strong><\/td>\n<td><strong>Punkte Pflichtteil<\/strong><\/td>\n<td><strong>Punkte Bonusteil<\/strong><\/td>\n<td><strong>Punkte Gesamt<\/strong><\/td>\n<td><strong>Note<\/strong><\/td>\n<\/tr>\n<tr>\n<td>1<\/td>\n<td>Gatani, Lorena<\/td>\n<td>Staatsinstitut Abteilung III, Ansbach<\/td>\n<td>40<\/td>\n<td>0<\/td>\n<td>40<\/td>\n<td>3<\/td>\n<\/tr>\n<tr>\n<td>2<\/td>\n<td>R\u00fcger, Anna<\/td>\n<td>Staatsinstitut Abteilung III, Ansbach<\/td>\n<td>38<\/td>\n<td>0<\/td>\n<td>38<\/td>\n<td>3<\/td>\n<\/tr>\n<tr>\n<td>3<\/td>\n<td>Di Candia, Claudia<\/td>\n<td>Staatsinstitut Abteilung III, Ansbach<\/td>\n<td>36<\/td>\n<td>0<\/td>\n<td>36<\/td>\n<td>4<\/td>\n<\/tr>\n<tr>\n<td>3<\/td>\n<td>Schulz<\/td>\n<td>Staatsinstitut Abteilung III, Ansbach<\/td>\n<td>36<\/td>\n<td>0<\/td>\n<td>36<\/td>\n<td>4<\/td>\n<\/tr>\n<tr>\n<td>5<\/td>\n<td>K\u00f6ppel, Sarah<\/td>\n<td>Staatsinstitut Abteilung III, Ansbach<\/td>\n<td>33<\/td>\n<td>0<\/td>\n<td>33<\/td>\n<td>4<\/td>\n<\/tr>\n<tr>\n<td>5<\/td>\n<td>Sal, Lukas<\/td>\n<td>Staatsinstitut Abteilung III, Ansbach<\/td>\n<td>33<\/td>\n<td>0<\/td>\n<td>33<\/td>\n<td>4<\/td>\n<\/tr>\n<tr>\n<td>7<\/td>\n<td>Bierbichler, Agnes<\/td>\n<td>Staatsinstitut Abteilung III, Ansbach<\/td>\n<td>32<\/td>\n<td>0<\/td>\n<td>32<\/td>\n<td>4<\/td>\n<\/tr>\n<tr>\n<td>7<\/td>\n<td>Niklaus, Selin<\/td>\n<td>Staatsinstitut Abteilung III, Ansbach<\/td>\n<td>32<\/td>\n<td>0<\/td>\n<td>32<\/td>\n<td>4<\/td>\n<\/tr>\n<\/tbody>\n<\/table>\n<\/div>\n<h5>Altersklasse B<\/h5>\n<div class=\"su-table su-table-responsive su-table-alternate\">\n<table>\n<tbody>\n<tr>\n<td><strong>Platz<\/strong><\/td>\n<td><strong>Name<\/strong><\/td>\n<td><strong>Veranstalter<\/strong><\/td>\n<td><strong>Punkte Pflichtteil<\/strong><\/td>\n<td><strong>Punkte Bonusteil<\/strong><\/td>\n<td><strong>Punkte Gesamt<\/strong><\/td>\n<td><strong>Note<\/strong><\/td>\n<\/tr>\n<tr>\n<td>1<\/td>\n<td>Heilmann, Annabelle<\/td>\n<td>Staatsinstitut Abteilung III, Ansbach<\/td>\n<td>36<\/td>\n<td>0<\/td>\n<td>36<\/td>\n<td>4<\/td>\n<\/tr>\n<\/tbody>\n<\/table>\n<\/div>\n<h5>Altersklasse C<\/h5>\n<div class=\"su-table su-table-responsive su-table-alternate\">\n<table>\n<tbody>\n<tr>\n<td><strong>Platz<\/strong><\/td>\n<td><strong>Name<\/strong><\/td>\n<td><strong>Veranstalter<\/strong><\/td>\n<td><strong>Punkte Pflichtteil<\/strong><\/td>\n<td><strong>Punkte Bonusteil<\/strong><\/td>\n<td><strong>Punkte Gesamt<\/strong><\/td>\n<td><strong>Note<\/strong><\/td>\n<\/tr>\n<tr>\n<td>1<\/td>\n<td>Ertl, Daniela<\/td>\n<td>Kommunale Berufsfachschule f\u00fcr Kaufm\u00e4nnische Assistenten, Straubing<\/td>\n<td>47<\/td>\n<td>0<\/td>\n<td>47<\/td>\n<td>2<\/td>\n<\/tr>\n<\/tbody>\n<\/table>\n<\/div>\n<h5>Alterklasse X<\/h5>\n<div class=\"su-table su-table-responsive su-table-alternate\">\n<table>\n<tbody>\n<tr>\n<td><strong>Platz<\/strong><\/td>\n<td><strong>Name<\/strong><\/td>\n<td><strong>Veranstalter<\/strong><\/td>\n<td><strong>Punkte Pflichtteil<\/strong><\/td>\n<td><strong>Punkte Bonusteil<\/strong><\/td>\n<td><strong>Punkte Gesamt<\/strong><\/td>\n<td><strong>Note<\/strong><\/td>\n<\/tr>\n<tr>\n<td>1<\/td>\n<td>Kubis, Aleksandra<\/td>\n<td>Staatsinstitut Abteilung III, Ansbach<\/td>\n<td>32<\/td>\n<td>0<\/td>\n<td>32<\/td>\n<td>4<\/td>\n<\/tr>\n<tr>\n<td>1<\/td>\n<td>Piller, Theresia<\/td>\n<td>Staatsinstitut Abteilung III, Ansbach<\/td>\n<td>32<\/td>\n<td>0<\/td>\n<td>32<\/td>\n<td>4<\/td>\n<\/tr>\n<\/tbody>\n<\/table>\n<\/div>\n<p>&nbsp;<\/p>\n<h4><strong><span style=\"font-variant: small-caps;\">Vereine<\/span><\/strong><\/h4>\n<h5>Altersklasse A<\/h5>\n<div class=\"su-table su-table-responsive su-table-alternate\">\n<table>\n<tbody>\n<tr>\n<td><strong>Platz<\/strong><\/td>\n<td><strong>Name<\/strong><\/td>\n<td><strong>Veranstalter<\/strong><\/td>\n<td><strong>Punkte Pflichtteil<\/strong><\/td>\n<td><strong>Punkte Bonusteil<\/strong><\/td>\n<td><strong>Punkte Gesamt<\/strong><\/td>\n<td>Note<\/td>\n<\/tr>\n<tr>\n<td>1<\/td>\n<td>Recebs, Rebecca<\/td>\n<td>ZVB Obertshausen 1964 e. V., Obertshausen<\/td>\n<td>59<\/td>\n<td>32<\/td>\n<td>91<\/td>\n<td>1<\/td>\n<\/tr>\n<tr>\n<td>2<\/td>\n<td>H\u00f6fle, Julia<\/td>\n<td>B\u00fcrst\u00e4dter Stenografenverein 1977 e. V., B\u00fcrstadt<\/td>\n<td>58<\/td>\n<td>15<\/td>\n<td>73<\/td>\n<td>1<\/td>\n<\/tr>\n<tr>\n<td>3<\/td>\n<td>Willems, Aaron<\/td>\n<td>ZVB Obertshausen 1964 e. V., Obertshausen<\/td>\n<td>58<\/td>\n<td>7<\/td>\n<td>65<\/td>\n<td>1<\/td>\n<\/tr>\n<tr>\n<td>4<\/td>\n<td>Jilg, Christina<\/td>\n<td>Steno- und Maschinenschreibverein (StMV) Neukirchen 1980 e. V., Neukirchen (Kn\u00fcll)<\/td>\n<td>54<\/td>\n<td>0<\/td>\n<td>54<\/td>\n<td>1<\/td>\n<\/tr>\n<tr>\n<td>5<\/td>\n<td>Schwab, David<\/td>\n<td>Stenografenverein 1897 Langen E. V., Langen<\/td>\n<td>39<\/td>\n<td>0<\/td>\n<td>39<\/td>\n<td>3<\/td>\n<\/tr>\n<\/tbody>\n<\/table>\n<\/div>\n<h5>Altersklasse B<\/h5>\n<div class=\"su-table su-table-responsive su-table-alternate\">\n<table>\n<tbody>\n<tr>\n<td><strong>Platz<\/strong><\/td>\n<td><strong>Name<\/strong><\/td>\n<td><strong>Veranstalter<\/strong><\/td>\n<td><strong>Punkte Pflichtteil<\/strong><\/td>\n<td><strong>Punkte Bonusteil<\/strong><\/td>\n<td><strong>Punkte Gesamt<\/strong><\/td>\n<td><strong>Note<\/strong><\/td>\n<\/tr>\n<tr>\n<td>1<\/td>\n<td>Kriegelstein, Marvin<\/td>\n<td>B\u00fcrst\u00e4dter Stenografenverein 1977 e. V., B\u00fcrstadt<\/td>\n<td>57<\/td>\n<td>0<\/td>\n<td>57<\/td>\n<td>1<\/td>\n<\/tr>\n<\/tbody>\n<\/table>\n<\/div>\n<h5>Altersklasse C<\/h5>\n<div class=\"su-table su-table-responsive su-table-alternate\">\n<table>\n<tbody>\n<tr>\n<td><strong>Platz<\/strong><\/td>\n<td><strong>Name<\/strong><\/td>\n<td><strong>Veranstalter<\/strong><\/td>\n<td><strong>Punkte Pflichtteil<\/strong><\/td>\n<td><strong>Punkte Bonusteil<\/strong><\/td>\n<td><strong>Punkte Gesamt<\/strong><\/td>\n<td><strong>Note<\/strong><\/td>\n<\/tr>\n<tr>\n<td>1<\/td>\n<td>Sch\u00e4fer, Larissa<\/td>\n<td>Steno- und Maschinenschreibverein (StMV) Neukirchen 1980 e. V., Neukirchen (Kn\u00fcll)<\/td>\n<td>58<\/td>\n<td>23<\/td>\n<td>81<\/td>\n<td>1<\/td>\n<\/tr>\n<tr>\n<td>2<\/td>\n<td>Grendel, Zoe Maria<\/td>\n<td>ZVB Obertshausen 1964 e. V., Obertshausen<\/td>\n<td>39<\/td>\n<td>14<\/td>\n<td>54<\/td>\n<td>3<\/td>\n<\/tr>\n<tr>\n<td>3<\/td>\n<td>Barthel, Patrick<\/td>\n<td>ZVB Obertshausen 1964 e. V., Obertshausen<\/td>\n<td>33<\/td>\n<td>11<\/td>\n<td>44<\/td>\n<td>4<\/td>\n<\/tr>\n<\/tbody>\n<\/table>\n<\/div>\n<h5>Alterklasse E<\/h5>\n<div class=\"su-table su-table-responsive su-table-alternate\">\n<table>\n<tbody>\n<tr>\n<td><strong>Platz<\/strong><\/td>\n<td><strong>Name<\/strong><\/td>\n<td><strong>Veranstalter<\/strong><\/td>\n<td><strong>Punkte Pflichtteil<\/strong><\/td>\n<td><strong>Punkte Bonusteil<\/strong><\/td>\n<td><strong>Punkte Gesamt<\/strong><\/td>\n<td><strong>Note<\/strong><\/td>\n<\/tr>\n<tr>\n<td>1<\/td>\n<td>Disser, Nora Malin<\/td>\n<td>Hessische Stenografenjugend im Hessischen Stenografenverband, Eschwege<\/td>\n<td>39<\/td>\n<td>11<\/td>\n<td>54<\/td>\n<td>2<\/td>\n<\/tr>\n<tr>\n<td>2<\/td>\n<td>Kuhn, Maja<\/td>\n<td>Hessische Stenografenjugend im Hessischen Stenografenverband, Eschwege<\/td>\n<td>42<\/td>\n<td>0<\/td>\n<td>42<\/td>\n<td>3<\/td>\n<\/tr>\n<tr>\n<td>3<\/td>\n<td>Kuhn, Maja<\/td>\n<td>Hessische Stenografenjugend im Hessischen Stenografenverband, Eschwege<\/td>\n<td>33<\/td>\n<td>0<\/td>\n<td>33<\/td>\n<td>4<\/td>\n<\/tr>\n<\/tbody>\n<\/table>\n<\/div>\n<p>&nbsp;<\/p>\n<h5>Altersklasse X<\/h5>\n<div class=\"su-table su-table-responsive su-table-alternate\">\n<table>\n<tbody>\n<tr>\n<td><strong>Platz<\/strong><\/td>\n<td><strong>Name<\/strong><\/td>\n<td><strong>Veranstalter<\/strong><\/td>\n<td><strong>Punkte Pflichtteil<\/strong><\/td>\n<td><strong>Punkte Bonusteil<\/strong><\/td>\n<td><strong>Punkte Gesamt<\/strong><\/td>\n<td><strong>Note<\/strong><\/td>\n<\/tr>\n<tr>\n<td>1<\/td>\n<td>Sadkowiak, Maximilian<\/td>\n<td>ZVB Obertshausen 1964 e. V., Obertshausen<\/td>\n<td>56<\/td>\n<td>39<\/td>\n<td>95<\/td>\n<td>1<\/td>\n<\/tr>\n<tr>\n<td>2<\/td>\n<td>Hauser, Cordula<\/td>\n<td>Vestischer Steno-Club E. V., Recklinghausen<\/td>\n<td>59<\/td>\n<td>26<\/td>\n<td>85<\/td>\n<td>1<\/td>\n<\/tr>\n<tr>\n<td>3<\/td>\n<td>Roth, Eva<\/td>\n<td>ZVB Obertshausen 1964 e. V., Obertshausen<\/td>\n<td>59<\/td>\n<td>16<\/td>\n<td>75<\/td>\n<td>1<\/td>\n<\/tr>\n<tr>\n<td>3<\/td>\n<td>Stall, Sandra<\/td>\n<td>Stenografenverein Rheine E. V., Rheine<\/td>\n<td>59<\/td>\n<td>16<\/td>\n<td>75<\/td>\n<td>1<\/td>\n<\/tr>\n<tr>\n<td>3<\/td>\n<td>Barnickel, Angelika<\/td>\n<td>VKMB Offenbach 1874 E. V., Offenbach<\/td>\n<td>57<\/td>\n<td>18<\/td>\n<td>75<\/td>\n<td>1<\/td>\n<\/tr>\n<tr>\n<td>6<\/td>\n<td>Kistner, Irina<\/td>\n<td>ZVB Obertshausen 1964 e. V., Obertshausen<\/td>\n<td>53<\/td>\n<td>18<\/td>\n<td>71<\/td>\n<td>2<\/td>\n<\/tr>\n<tr>\n<td>7<\/td>\n<td>Feldhues, Katrin<\/td>\n<td>Stenografenverein Rheine E. V., Rheine<\/td>\n<td>59<\/td>\n<td>10<\/td>\n<td>69<\/td>\n<td>1<\/td>\n<\/tr>\n<tr>\n<td>8<\/td>\n<td>Kr\u00fcger, Carmen<\/td>\n<td>Vestischer Steno-Club E. V., Recklinghausen<\/td>\n<td>52<\/td>\n<td>12<\/td>\n<td>64<\/td>\n<td>2<\/td>\n<\/tr>\n<tr>\n<td>9<\/td>\n<td>Haas, Bj\u00f6rn<\/td>\n<td>ZVB Obertshausen 1964 e. V., Obertshausen<\/td>\n<td>53<\/td>\n<td>4<\/td>\n<td>57<\/td>\n<td>2<\/td>\n<\/tr>\n<tr>\n<td>9<\/td>\n<td>Daneke, Uwe<\/td>\n<td>Stenografenverein 1897 Langen E. V., Langen<\/td>\n<td>57<\/td>\n<td>0<\/td>\n<td>57<\/td>\n<td>1<\/td>\n<\/tr>\n<tr>\n<td>11<\/td>\n<td>Koch, Jascha-Alexander<\/td>\n<td>Stenografenverein 1897 Langen E. V., Langen<\/td>\n<td>55<\/td>\n<td>0<\/td>\n<td>55<\/td>\n<td>2<\/td>\n<\/tr>\n<tr>\n<td>12<\/td>\n<td>Schmitz, Katrin<\/td>\n<td>Stenografenverein 1897 Langen E. V., Langen<\/td>\n<td>51<\/td>\n<td>0<\/td>\n<td>51<\/td>\n<td>2<\/td>\n<\/tr>\n<tr>\n<td>13<\/td>\n<td>Lenk, Sabrina<\/td>\n<td>ZVB Obertshausen 1964 e. V., Obertshausen<\/td>\n<td>50<\/td>\n<td>0<\/td>\n<td>50<\/td>\n<td>2<\/td>\n<\/tr>\n<tr>\n<td>14<\/td>\n<td>Br\u00fcdigam, Marion<\/td>\n<td>Vestischer Steno-Club E. V., Recklinghausen<\/td>\n<td>47<\/td>\n<td>0<\/td>\n<td>47<\/td>\n<td>2<\/td>\n<\/tr>\n<tr>\n<td>14<\/td>\n<td>Zych, Kathrin<\/td>\n<td>ZVB Obertshausen 1964 e. V., Obertshausen<\/td>\n<td>47<\/td>\n<td>0<\/td>\n<td>47<\/td>\n<td>2<\/td>\n<\/tr>\n<tr>\n<td>16<\/td>\n<td>Saueressig, Irena<\/td>\n<td>Stenografenverein 1897 Langen E. V., Langen<\/td>\n<td>46<\/td>\n<td>0<\/td>\n<td>46<\/td>\n<td>2<\/td>\n<\/tr>\n<tr>\n<td>17<\/td>\n<td>Zare, Fatemeh<\/td>\n<td>Stenografenverein 1897 Langen E. V., Langen<\/td>\n<td>43<\/td>\n<td>0<\/td>\n<td>43<\/td>\n<td>3<\/td>\n<\/tr>\n<\/tbody>\n<\/table>\n<\/div>\n","protected":false},"excerpt":{"rendered":"<p>Schulen Altersklasse A Altersklasse B Altersklasse C Alterklasse X &nbsp; Vereine Altersklasse A Altersklasse B Altersklasse C Alterklasse E &nbsp; Altersklasse X<\/p>\n","protected":false},"author":2,"featured_media":0,"parent":0,"menu_order":0,"comment_status":"closed","ping_status":"closed","template":"","meta":{"footnotes":""},"class_list":["post-1227","page","type-page","status-publish","hentry","","tg-column-two"],"yoast_head":"<!-- This site is optimized with the Yoast SEO plugin v27.4 - https:\/\/yoast.com\/product\/yoast-seo-wordpress\/ -->\n<title>Ergebnisliste Praxisnahe Textbearbeitung 2022 - BJCKM<\/title>\n<meta name=\"robots\" content=\"index, follow, max-snippet:-1, max-image-preview:large, max-video-preview:-1\" \/>\n<link rel=\"canonical\" href=\"https:\/\/www.bjckm.de\/index.php\/ergebnisse-ptb-2022\/\" \/>\n<meta property=\"og:locale\" content=\"de_DE\" \/>\n<meta property=\"og:type\" content=\"article\" \/>\n<meta property=\"og:title\" content=\"Ergebnisliste Praxisnahe Textbearbeitung 2022 - BJCKM\" \/>\n<meta property=\"og:description\" content=\"Schulen Altersklasse A Altersklasse B Altersklasse C Alterklasse X &nbsp; Vereine Altersklasse A Altersklasse B Altersklasse C Alterklasse E &nbsp; Altersklasse X\" \/>\n<meta property=\"og:url\" content=\"https:\/\/www.bjckm.de\/index.php\/ergebnisse-ptb-2022\/\" \/>\n<meta property=\"og:site_name\" content=\"BJCKM\" \/>\n<meta property=\"article:publisher\" content=\"https:\/\/www.facebook.com\/bjckm\" \/>\n<meta property=\"article:modified_time\" content=\"2022-05-19T15:36:11+00:00\" \/>\n<meta name=\"twitter:card\" content=\"summary_large_image\" \/>\n<meta name=\"twitter:site\" content=\"@bjckm_steno\" \/>\n<meta name=\"twitter:label1\" content=\"Gesch\u00e4tzte Lesezeit\" \/>\n\t<meta name=\"twitter:data1\" content=\"2\u00a0Minuten\" \/>\n<script type=\"application\/ld+json\" class=\"yoast-schema-graph\">{\"@context\":\"https:\\\/\\\/schema.org\",\"@graph\":[{\"@type\":\"WebPage\",\"@id\":\"https:\\\/\\\/www.bjckm.de\\\/index.php\\\/ergebnisse-ptb-2022\\\/\",\"url\":\"https:\\\/\\\/www.bjckm.de\\\/index.php\\\/ergebnisse-ptb-2022\\\/\",\"name\":\"Ergebnisliste Praxisnahe Textbearbeitung 2022 - BJCKM\",\"isPartOf\":{\"@id\":\"https:\\\/\\\/www.bjckm.de\\\/#website\"},\"datePublished\":\"2022-05-16T14:02:37+00:00\",\"dateModified\":\"2022-05-19T15:36:11+00:00\",\"breadcrumb\":{\"@id\":\"https:\\\/\\\/www.bjckm.de\\\/index.php\\\/ergebnisse-ptb-2022\\\/#breadcrumb\"},\"inLanguage\":\"de\",\"potentialAction\":[{\"@type\":\"ReadAction\",\"target\":[\"https:\\\/\\\/www.bjckm.de\\\/index.php\\\/ergebnisse-ptb-2022\\\/\"]}]},{\"@type\":\"BreadcrumbList\",\"@id\":\"https:\\\/\\\/www.bjckm.de\\\/index.php\\\/ergebnisse-ptb-2022\\\/#breadcrumb\",\"itemListElement\":[{\"@type\":\"ListItem\",\"position\":1,\"name\":\"Startseite\",\"item\":\"https:\\\/\\\/www.bjckm.de\\\/\"},{\"@type\":\"ListItem\",\"position\":2,\"name\":\"Ergebnisliste Praxisnahe Textbearbeitung 2022\"}]},{\"@type\":\"WebSite\",\"@id\":\"https:\\\/\\\/www.bjckm.de\\\/#website\",\"url\":\"https:\\\/\\\/www.bjckm.de\\\/\",\"name\":\"BJCKM\",\"description\":\"Bundesjugend f\u00fcr Computer, Kurzschrift und Medien\",\"publisher\":{\"@id\":\"https:\\\/\\\/www.bjckm.de\\\/#organization\"},\"potentialAction\":[{\"@type\":\"SearchAction\",\"target\":{\"@type\":\"EntryPoint\",\"urlTemplate\":\"https:\\\/\\\/www.bjckm.de\\\/?s={search_term_string}\"},\"query-input\":{\"@type\":\"PropertyValueSpecification\",\"valueRequired\":true,\"valueName\":\"search_term_string\"}}],\"inLanguage\":\"de\"},{\"@type\":\"Organization\",\"@id\":\"https:\\\/\\\/www.bjckm.de\\\/#organization\",\"name\":\"Bundesjugend f\u00fcr Computer, Kurzschrift und Medien\",\"url\":\"https:\\\/\\\/www.bjckm.de\\\/\",\"logo\":{\"@type\":\"ImageObject\",\"inLanguage\":\"de\",\"@id\":\"https:\\\/\\\/www.bjckm.de\\\/#\\\/schema\\\/logo\\\/image\\\/\",\"url\":\"https:\\\/\\\/www.bjckm.de\\\/wp-content\\\/uploads\\\/2019\\\/10\\\/cropped-logo_bjckm_farbe_text_12000x3375-e1571842379885.png\",\"contentUrl\":\"https:\\\/\\\/www.bjckm.de\\\/wp-content\\\/uploads\\\/2019\\\/10\\\/cropped-logo_bjckm_farbe_text_12000x3375-e1571842379885.png\",\"width\":583,\"height\":115,\"caption\":\"Bundesjugend f\u00fcr Computer, Kurzschrift und Medien\"},\"image\":{\"@id\":\"https:\\\/\\\/www.bjckm.de\\\/#\\\/schema\\\/logo\\\/image\\\/\"},\"sameAs\":[\"https:\\\/\\\/www.facebook.com\\\/bjckm\",\"https:\\\/\\\/x.com\\\/bjckm_steno\",\"https:\\\/\\\/www.instagram.com\\\/bjckm19\"]}]}<\/script>\n<!-- \/ Yoast SEO plugin. -->","yoast_head_json":{"title":"Ergebnisliste Praxisnahe Textbearbeitung 2022 - BJCKM","robots":{"index":"index","follow":"follow","max-snippet":"max-snippet:-1","max-image-preview":"max-image-preview:large","max-video-preview":"max-video-preview:-1"},"canonical":"https:\/\/www.bjckm.de\/index.php\/ergebnisse-ptb-2022\/","og_locale":"de_DE","og_type":"article","og_title":"Ergebnisliste Praxisnahe Textbearbeitung 2022 - BJCKM","og_description":"Schulen Altersklasse A Altersklasse B Altersklasse C Alterklasse X &nbsp; Vereine Altersklasse A Altersklasse B Altersklasse C Alterklasse E &nbsp; Altersklasse X","og_url":"https:\/\/www.bjckm.de\/index.php\/ergebnisse-ptb-2022\/","og_site_name":"BJCKM","article_publisher":"https:\/\/www.facebook.com\/bjckm","article_modified_time":"2022-05-19T15:36:11+00:00","twitter_card":"summary_large_image","twitter_site":"@bjckm_steno","twitter_misc":{"Gesch\u00e4tzte Lesezeit":"2\u00a0Minuten"},"schema":{"@context":"https:\/\/schema.org","@graph":[{"@type":"WebPage","@id":"https:\/\/www.bjckm.de\/index.php\/ergebnisse-ptb-2022\/","url":"https:\/\/www.bjckm.de\/index.php\/ergebnisse-ptb-2022\/","name":"Ergebnisliste Praxisnahe Textbearbeitung 2022 - BJCKM","isPartOf":{"@id":"https:\/\/www.bjckm.de\/#website"},"datePublished":"2022-05-16T14:02:37+00:00","dateModified":"2022-05-19T15:36:11+00:00","breadcrumb":{"@id":"https:\/\/www.bjckm.de\/index.php\/ergebnisse-ptb-2022\/#breadcrumb"},"inLanguage":"de","potentialAction":[{"@type":"ReadAction","target":["https:\/\/www.bjckm.de\/index.php\/ergebnisse-ptb-2022\/"]}]},{"@type":"BreadcrumbList","@id":"https:\/\/www.bjckm.de\/index.php\/ergebnisse-ptb-2022\/#breadcrumb","itemListElement":[{"@type":"ListItem","position":1,"name":"Startseite","item":"https:\/\/www.bjckm.de\/"},{"@type":"ListItem","position":2,"name":"Ergebnisliste Praxisnahe Textbearbeitung 2022"}]},{"@type":"WebSite","@id":"https:\/\/www.bjckm.de\/#website","url":"https:\/\/www.bjckm.de\/","name":"BJCKM","description":"Bundesjugend f\u00fcr Computer, Kurzschrift und Medien","publisher":{"@id":"https:\/\/www.bjckm.de\/#organization"},"potentialAction":[{"@type":"SearchAction","target":{"@type":"EntryPoint","urlTemplate":"https:\/\/www.bjckm.de\/?s={search_term_string}"},"query-input":{"@type":"PropertyValueSpecification","valueRequired":true,"valueName":"search_term_string"}}],"inLanguage":"de"},{"@type":"Organization","@id":"https:\/\/www.bjckm.de\/#organization","name":"Bundesjugend f\u00fcr Computer, Kurzschrift und Medien","url":"https:\/\/www.bjckm.de\/","logo":{"@type":"ImageObject","inLanguage":"de","@id":"https:\/\/www.bjckm.de\/#\/schema\/logo\/image\/","url":"https:\/\/www.bjckm.de\/wp-content\/uploads\/2019\/10\/cropped-logo_bjckm_farbe_text_12000x3375-e1571842379885.png","contentUrl":"https:\/\/www.bjckm.de\/wp-content\/uploads\/2019\/10\/cropped-logo_bjckm_farbe_text_12000x3375-e1571842379885.png","width":583,"height":115,"caption":"Bundesjugend f\u00fcr Computer, Kurzschrift und Medien"},"image":{"@id":"https:\/\/www.bjckm.de\/#\/schema\/logo\/image\/"},"sameAs":["https:\/\/www.facebook.com\/bjckm","https:\/\/x.com\/bjckm_steno","https:\/\/www.instagram.com\/bjckm19"]}]}},"_links":{"self":[{"href":"https:\/\/www.bjckm.de\/index.php\/wp-json\/wp\/v2\/pages\/1227","targetHints":{"allow":["GET"]}}],"collection":[{"href":"https:\/\/www.bjckm.de\/index.php\/wp-json\/wp\/v2\/pages"}],"about":[{"href":"https:\/\/www.bjckm.de\/index.php\/wp-json\/wp\/v2\/types\/page"}],"author":[{"embeddable":true,"href":"https:\/\/www.bjckm.de\/index.php\/wp-json\/wp\/v2\/users\/2"}],"replies":[{"embeddable":true,"href":"https:\/\/www.bjckm.de\/index.php\/wp-json\/wp\/v2\/comments?post=1227"}],"version-history":[{"count":9,"href":"https:\/\/www.bjckm.de\/index.php\/wp-json\/wp\/v2\/pages\/1227\/revisions"}],"predecessor-version":[{"id":1258,"href":"https:\/\/www.bjckm.de\/index.php\/wp-json\/wp\/v2\/pages\/1227\/revisions\/1258"}],"wp:attachment":[{"href":"https:\/\/www.bjckm.de\/index.php\/wp-json\/wp\/v2\/media?parent=1227"}],"curies":[{"name":"wp","href":"https:\/\/api.w.org\/{rel}","templated":true}]}}