{"id":292,"date":"2019-10-19T21:07:48","date_gmt":"2019-10-19T19:07:48","guid":{"rendered":"http:\/\/www.schuelerleistungsschreiben.de\/?page_id=292"},"modified":"2024-11-21T16:31:06","modified_gmt":"2024-11-21T15:31:06","slug":"geschaeftsstelle","status":"publish","type":"page","link":"https:\/\/www.bjckm.de\/index.php\/ueber-uns\/geschaeftsstelle\/","title":{"rendered":"Gesch\u00e4ftsstelle"},"content":{"rendered":"<p>Die Bundesjugend f\u00fcr Computer, Kurzschrift und Medien wird durch die Gesch\u00e4ftsstelle in Dortmund bei der t\u00e4glichen Arbeit unterst\u00fctzt. Dort ist Benjamin Bialetzki der erste Ansprechpartner f\u00fcr Fragen rund um die Bundesjugend.<\/p>\n<p><strong>Kontakt:<\/strong><\/p>\n<p><strong>Bundesjugend f\u00fcr Computer, Kurzschrift und Medien<\/strong><br \/>\n<strong>im Deutschen Stenografenbund E. V.<\/strong><br \/>\nBenjamin Bialetzki<br \/>\nHildebrandstra\u00dfe 11<br \/>\n44319 Dortmund<\/p>\n<p>E-Mail-Adresse: <a href=\"mailto:info@bjckm.de\">info@bjckm.de<\/a><br \/>\nTelefon: 0231 13767973<br \/>\nFax: 0231 149394<\/p>\n","protected":false},"excerpt":{"rendered":"<p>Die Bundesjugend f\u00fcr Computer, Kurzschrift und Medien wird durch die Gesch\u00e4ftsstelle in Dortmund bei der t\u00e4glichen Arbeit unterst\u00fctzt. Dort ist Benjamin Bialetzki der erste Ansprechpartner f\u00fcr Fragen rund um die Bundesjugend. Kontakt: Bundesjugend f\u00fcr Computer, Kurzschrift und Medien im Deutschen Stenografenbund E. V. Benjamin Bialetzki Hildebrandstra\u00dfe 11 44319 Dortmund E-Mail-Adresse: info@bjckm.de Telefon: 0231 13767973 Fax: 0231 149394<\/p>\n","protected":false},"author":4,"featured_media":0,"parent":6,"menu_order":0,"comment_status":"closed","ping_status":"closed","template":"","meta":{"footnotes":""},"class_list":["post-292","page","type-page","status-publish","hentry","","tg-column-two"],"yoast_head":"<!-- This site is optimized with the Yoast SEO plugin v27.4 - https:\/\/yoast.com\/product\/yoast-seo-wordpress\/ -->\n<title>Gesch\u00e4ftsstelle - BJCKM<\/title>\n<meta name=\"robots\" content=\"index, follow, max-snippet:-1, max-image-preview:large, max-video-preview:-1\" \/>\n<link rel=\"canonical\" href=\"https:\/\/www.bjckm.de\/index.php\/ueber-uns\/geschaeftsstelle\/\" \/>\n<meta property=\"og:locale\" content=\"de_DE\" \/>\n<meta property=\"og:type\" content=\"article\" \/>\n<meta property=\"og:title\" content=\"Gesch\u00e4ftsstelle - BJCKM\" \/>\n<meta property=\"og:description\" content=\"Die Bundesjugend f\u00fcr Computer, Kurzschrift und Medien wird durch die Gesch\u00e4ftsstelle in Dortmund bei der t\u00e4glichen Arbeit unterst\u00fctzt. Dort ist Benjamin Bialetzki der erste Ansprechpartner f\u00fcr Fragen rund um die Bundesjugend. Kontakt: Bundesjugend f\u00fcr Computer, Kurzschrift und Medien im Deutschen Stenografenbund E. V. Benjamin Bialetzki Hildebrandstra\u00dfe 11 44319 Dortmund E-Mail-Adresse: info@bjckm.de Telefon: 0231 13767973 Fax: 0231 149394\" \/>\n<meta property=\"og:url\" content=\"https:\/\/www.bjckm.de\/index.php\/ueber-uns\/geschaeftsstelle\/\" \/>\n<meta property=\"og:site_name\" content=\"BJCKM\" \/>\n<meta property=\"article:publisher\" content=\"https:\/\/www.facebook.com\/bjckm\" \/>\n<meta property=\"article:modified_time\" content=\"2024-11-21T15:31:06+00:00\" \/>\n<meta name=\"twitter:card\" content=\"summary_large_image\" \/>\n<meta name=\"twitter:site\" content=\"@bjckm_steno\" \/>\n<meta name=\"twitter:label1\" content=\"Gesch\u00e4tzte Lesezeit\" \/>\n\t<meta name=\"twitter:data1\" content=\"1\u00a0Minute\" \/>\n<script type=\"application\/ld+json\" class=\"yoast-schema-graph\">{\"@context\":\"https:\\\/\\\/schema.org\",\"@graph\":[{\"@type\":\"WebPage\",\"@id\":\"https:\\\/\\\/www.bjckm.de\\\/index.php\\\/ueber-uns\\\/geschaeftsstelle\\\/\",\"url\":\"https:\\\/\\\/www.bjckm.de\\\/index.php\\\/ueber-uns\\\/geschaeftsstelle\\\/\",\"name\":\"Gesch\u00e4ftsstelle - BJCKM\",\"isPartOf\":{\"@id\":\"https:\\\/\\\/www.bjckm.de\\\/#website\"},\"datePublished\":\"2019-10-19T19:07:48+00:00\",\"dateModified\":\"2024-11-21T15:31:06+00:00\",\"breadcrumb\":{\"@id\":\"https:\\\/\\\/www.bjckm.de\\\/index.php\\\/ueber-uns\\\/geschaeftsstelle\\\/#breadcrumb\"},\"inLanguage\":\"de\",\"potentialAction\":[{\"@type\":\"ReadAction\",\"target\":[\"https:\\\/\\\/www.bjckm.de\\\/index.php\\\/ueber-uns\\\/geschaeftsstelle\\\/\"]}]},{\"@type\":\"BreadcrumbList\",\"@id\":\"https:\\\/\\\/www.bjckm.de\\\/index.php\\\/ueber-uns\\\/geschaeftsstelle\\\/#breadcrumb\",\"itemListElement\":[{\"@type\":\"ListItem\",\"position\":1,\"name\":\"Startseite\",\"item\":\"https:\\\/\\\/www.bjckm.de\\\/\"},{\"@type\":\"ListItem\",\"position\":2,\"name\":\"\u00dcber uns\",\"item\":\"https:\\\/\\\/www.bjckm.de\\\/index.php\\\/ueber-uns\\\/\"},{\"@type\":\"ListItem\",\"position\":3,\"name\":\"Gesch\u00e4ftsstelle\"}]},{\"@type\":\"WebSite\",\"@id\":\"https:\\\/\\\/www.bjckm.de\\\/#website\",\"url\":\"https:\\\/\\\/www.bjckm.de\\\/\",\"name\":\"BJCKM\",\"description\":\"Bundesjugend f\u00fcr Computer, Kurzschrift und Medien\",\"publisher\":{\"@id\":\"https:\\\/\\\/www.bjckm.de\\\/#organization\"},\"potentialAction\":[{\"@type\":\"SearchAction\",\"target\":{\"@type\":\"EntryPoint\",\"urlTemplate\":\"https:\\\/\\\/www.bjckm.de\\\/?s={search_term_string}\"},\"query-input\":{\"@type\":\"PropertyValueSpecification\",\"valueRequired\":true,\"valueName\":\"search_term_string\"}}],\"inLanguage\":\"de\"},{\"@type\":\"Organization\",\"@id\":\"https:\\\/\\\/www.bjckm.de\\\/#organization\",\"name\":\"Bundesjugend f\u00fcr Computer, Kurzschrift und Medien\",\"url\":\"https:\\\/\\\/www.bjckm.de\\\/\",\"logo\":{\"@type\":\"ImageObject\",\"inLanguage\":\"de\",\"@id\":\"https:\\\/\\\/www.bjckm.de\\\/#\\\/schema\\\/logo\\\/image\\\/\",\"url\":\"https:\\\/\\\/www.bjckm.de\\\/wp-content\\\/uploads\\\/2019\\\/10\\\/cropped-logo_bjckm_farbe_text_12000x3375-e1571842379885.png\",\"contentUrl\":\"https:\\\/\\\/www.bjckm.de\\\/wp-content\\\/uploads\\\/2019\\\/10\\\/cropped-logo_bjckm_farbe_text_12000x3375-e1571842379885.png\",\"width\":583,\"height\":115,\"caption\":\"Bundesjugend f\u00fcr Computer, Kurzschrift und Medien\"},\"image\":{\"@id\":\"https:\\\/\\\/www.bjckm.de\\\/#\\\/schema\\\/logo\\\/image\\\/\"},\"sameAs\":[\"https:\\\/\\\/www.facebook.com\\\/bjckm\",\"https:\\\/\\\/x.com\\\/bjckm_steno\",\"https:\\\/\\\/www.instagram.com\\\/bjckm19\"]}]}<\/script>\n<!-- \/ Yoast SEO plugin. -->","yoast_head_json":{"title":"Gesch\u00e4ftsstelle - BJCKM","robots":{"index":"index","follow":"follow","max-snippet":"max-snippet:-1","max-image-preview":"max-image-preview:large","max-video-preview":"max-video-preview:-1"},"canonical":"https:\/\/www.bjckm.de\/index.php\/ueber-uns\/geschaeftsstelle\/","og_locale":"de_DE","og_type":"article","og_title":"Gesch\u00e4ftsstelle - BJCKM","og_description":"Die Bundesjugend f\u00fcr Computer, Kurzschrift und Medien wird durch die Gesch\u00e4ftsstelle in Dortmund bei der t\u00e4glichen Arbeit unterst\u00fctzt. Dort ist Benjamin Bialetzki der erste Ansprechpartner f\u00fcr Fragen rund um die Bundesjugend. Kontakt: Bundesjugend f\u00fcr Computer, Kurzschrift und Medien im Deutschen Stenografenbund E. V. Benjamin Bialetzki Hildebrandstra\u00dfe 11 44319 Dortmund E-Mail-Adresse: info@bjckm.de Telefon: 0231 13767973 Fax: 0231 149394","og_url":"https:\/\/www.bjckm.de\/index.php\/ueber-uns\/geschaeftsstelle\/","og_site_name":"BJCKM","article_publisher":"https:\/\/www.facebook.com\/bjckm","article_modified_time":"2024-11-21T15:31:06+00:00","twitter_card":"summary_large_image","twitter_site":"@bjckm_steno","twitter_misc":{"Gesch\u00e4tzte Lesezeit":"1\u00a0Minute"},"schema":{"@context":"https:\/\/schema.org","@graph":[{"@type":"WebPage","@id":"https:\/\/www.bjckm.de\/index.php\/ueber-uns\/geschaeftsstelle\/","url":"https:\/\/www.bjckm.de\/index.php\/ueber-uns\/geschaeftsstelle\/","name":"Gesch\u00e4ftsstelle - BJCKM","isPartOf":{"@id":"https:\/\/www.bjckm.de\/#website"},"datePublished":"2019-10-19T19:07:48+00:00","dateModified":"2024-11-21T15:31:06+00:00","breadcrumb":{"@id":"https:\/\/www.bjckm.de\/index.php\/ueber-uns\/geschaeftsstelle\/#breadcrumb"},"inLanguage":"de","potentialAction":[{"@type":"ReadAction","target":["https:\/\/www.bjckm.de\/index.php\/ueber-uns\/geschaeftsstelle\/"]}]},{"@type":"BreadcrumbList","@id":"https:\/\/www.bjckm.de\/index.php\/ueber-uns\/geschaeftsstelle\/#breadcrumb","itemListElement":[{"@type":"ListItem","position":1,"name":"Startseite","item":"https:\/\/www.bjckm.de\/"},{"@type":"ListItem","position":2,"name":"\u00dcber uns","item":"https:\/\/www.bjckm.de\/index.php\/ueber-uns\/"},{"@type":"ListItem","position":3,"name":"Gesch\u00e4ftsstelle"}]},{"@type":"WebSite","@id":"https:\/\/www.bjckm.de\/#website","url":"https:\/\/www.bjckm.de\/","name":"BJCKM","description":"Bundesjugend f\u00fcr Computer, Kurzschrift und Medien","publisher":{"@id":"https:\/\/www.bjckm.de\/#organization"},"potentialAction":[{"@type":"SearchAction","target":{"@type":"EntryPoint","urlTemplate":"https:\/\/www.bjckm.de\/?s={search_term_string}"},"query-input":{"@type":"PropertyValueSpecification","valueRequired":true,"valueName":"search_term_string"}}],"inLanguage":"de"},{"@type":"Organization","@id":"https:\/\/www.bjckm.de\/#organization","name":"Bundesjugend f\u00fcr Computer, Kurzschrift und Medien","url":"https:\/\/www.bjckm.de\/","logo":{"@type":"ImageObject","inLanguage":"de","@id":"https:\/\/www.bjckm.de\/#\/schema\/logo\/image\/","url":"https:\/\/www.bjckm.de\/wp-content\/uploads\/2019\/10\/cropped-logo_bjckm_farbe_text_12000x3375-e1571842379885.png","contentUrl":"https:\/\/www.bjckm.de\/wp-content\/uploads\/2019\/10\/cropped-logo_bjckm_farbe_text_12000x3375-e1571842379885.png","width":583,"height":115,"caption":"Bundesjugend f\u00fcr Computer, Kurzschrift und Medien"},"image":{"@id":"https:\/\/www.bjckm.de\/#\/schema\/logo\/image\/"},"sameAs":["https:\/\/www.facebook.com\/bjckm","https:\/\/x.com\/bjckm_steno","https:\/\/www.instagram.com\/bjckm19"]}]}},"_links":{"self":[{"href":"https:\/\/www.bjckm.de\/index.php\/wp-json\/wp\/v2\/pages\/292","targetHints":{"allow":["GET"]}}],"collection":[{"href":"https:\/\/www.bjckm.de\/index.php\/wp-json\/wp\/v2\/pages"}],"about":[{"href":"https:\/\/www.bjckm.de\/index.php\/wp-json\/wp\/v2\/types\/page"}],"author":[{"embeddable":true,"href":"https:\/\/www.bjckm.de\/index.php\/wp-json\/wp\/v2\/users\/4"}],"replies":[{"embeddable":true,"href":"https:\/\/www.bjckm.de\/index.php\/wp-json\/wp\/v2\/comments?post=292"}],"version-history":[{"count":3,"href":"https:\/\/www.bjckm.de\/index.php\/wp-json\/wp\/v2\/pages\/292\/revisions"}],"predecessor-version":[{"id":2029,"href":"https:\/\/www.bjckm.de\/index.php\/wp-json\/wp\/v2\/pages\/292\/revisions\/2029"}],"up":[{"embeddable":true,"href":"https:\/\/www.bjckm.de\/index.php\/wp-json\/wp\/v2\/pages\/6"}],"wp:attachment":[{"href":"https:\/\/www.bjckm.de\/index.php\/wp-json\/wp\/v2\/media?parent=292"}],"curies":[{"name":"wp","href":"https:\/\/api.w.org\/{rel}","templated":true}]}}