{"id":297,"date":"2019-10-19T21:09:53","date_gmt":"2019-10-19T19:09:53","guid":{"rendered":"http:\/\/www.schuelerleistungsschreiben.de\/?page_id=297"},"modified":"2024-11-21T17:47:29","modified_gmt":"2024-11-21T16:47:29","slug":"gremien","status":"publish","type":"page","link":"https:\/\/www.bjckm.de\/index.php\/gremien\/","title":{"rendered":"Gremien"},"content":{"rendered":"<p>Die Gremien der BJCKM sind die j\u00e4hrlich stattfindende Delegiertenversammlung sowie das Herbsttreffen. Die in der Jugendordnung verankerte Delegiertenversammlung findet Anfang des Jahres statt. Auf ihr werden die wichtigsten Punkte f\u00fcr die Arbeit der BJCKM besprochen. Dort werden die Finanzen er\u00f6rtert, Jahresplanungen erstellt und das Bundesjugendschreiben vorbereitet.<\/p>\n<p>Seit 2014 findet j\u00e4hrlich im dritten Quartal des Jahres das sogenannte Herbsttreffen statt.\u00a0 Dort wird meist in Kleingruppen kreativ, aber auch produktiv und zielf\u00fchrend an der Zukunft und Modernisierung der BJCKM gearbeitet.<\/p>\n","protected":false},"excerpt":{"rendered":"<p>Die Gremien der BJCKM sind die j\u00e4hrlich stattfindende Delegiertenversammlung sowie das Herbsttreffen. Die in der Jugendordnung verankerte Delegiertenversammlung findet Anfang des Jahres statt. Auf ihr werden die wichtigsten Punkte f\u00fcr die Arbeit der BJCKM besprochen. Dort werden die Finanzen er\u00f6rtert, Jahresplanungen erstellt und das Bundesjugendschreiben vorbereitet. Seit 2014 findet j\u00e4hrlich im dritten Quartal des Jahres das sogenannte Herbsttreffen statt.\u00a0 Dort<\/p>\n","protected":false},"author":4,"featured_media":0,"parent":0,"menu_order":0,"comment_status":"closed","ping_status":"closed","template":"","meta":{"footnotes":""},"class_list":["post-297","page","type-page","status-publish","hentry","","tg-column-two"],"yoast_head":"<!-- This site is optimized with the Yoast SEO plugin v25.8 - https:\/\/yoast.com\/wordpress\/plugins\/seo\/ -->\n<title>Gremien - BJCKM<\/title>\n<meta name=\"robots\" content=\"index, follow, max-snippet:-1, max-image-preview:large, max-video-preview:-1\" \/>\n<link rel=\"canonical\" href=\"https:\/\/www.bjckm.de\/index.php\/gremien\/\" \/>\n<meta property=\"og:locale\" content=\"de_DE\" \/>\n<meta property=\"og:type\" content=\"article\" \/>\n<meta property=\"og:title\" content=\"Gremien - BJCKM\" \/>\n<meta property=\"og:description\" content=\"Die Gremien der BJCKM sind die j\u00e4hrlich stattfindende Delegiertenversammlung sowie das Herbsttreffen. Die in der Jugendordnung verankerte Delegiertenversammlung findet Anfang des Jahres statt. Auf ihr werden die wichtigsten Punkte f\u00fcr die Arbeit der BJCKM besprochen. Dort werden die Finanzen er\u00f6rtert, Jahresplanungen erstellt und das Bundesjugendschreiben vorbereitet. Seit 2014 findet j\u00e4hrlich im dritten Quartal des Jahres das sogenannte Herbsttreffen statt.\u00a0 Dort\" \/>\n<meta property=\"og:url\" content=\"https:\/\/www.bjckm.de\/index.php\/gremien\/\" \/>\n<meta property=\"og:site_name\" content=\"BJCKM\" \/>\n<meta property=\"article:publisher\" content=\"https:\/\/www.facebook.com\/bjckm\" \/>\n<meta property=\"article:modified_time\" content=\"2024-11-21T16:47:29+00:00\" \/>\n<meta name=\"twitter:card\" content=\"summary_large_image\" \/>\n<meta name=\"twitter:site\" content=\"@bjckm_steno\" \/>\n<meta name=\"twitter:label1\" content=\"Gesch\u00e4tzte Lesezeit\" \/>\n\t<meta name=\"twitter:data1\" content=\"1\u00a0Minute\" \/>\n<script type=\"application\/ld+json\" class=\"yoast-schema-graph\">{\"@context\":\"https:\/\/schema.org\",\"@graph\":[{\"@type\":\"WebPage\",\"@id\":\"https:\/\/www.bjckm.de\/index.php\/gremien\/\",\"url\":\"https:\/\/www.bjckm.de\/index.php\/gremien\/\",\"name\":\"Gremien - BJCKM\",\"isPartOf\":{\"@id\":\"https:\/\/www.bjckm.de\/#website\"},\"datePublished\":\"2019-10-19T19:09:53+00:00\",\"dateModified\":\"2024-11-21T16:47:29+00:00\",\"breadcrumb\":{\"@id\":\"https:\/\/www.bjckm.de\/index.php\/gremien\/#breadcrumb\"},\"inLanguage\":\"de\",\"potentialAction\":[{\"@type\":\"ReadAction\",\"target\":[\"https:\/\/www.bjckm.de\/index.php\/gremien\/\"]}]},{\"@type\":\"BreadcrumbList\",\"@id\":\"https:\/\/www.bjckm.de\/index.php\/gremien\/#breadcrumb\",\"itemListElement\":[{\"@type\":\"ListItem\",\"position\":1,\"name\":\"Startseite\",\"item\":\"https:\/\/www.bjckm.de\/\"},{\"@type\":\"ListItem\",\"position\":2,\"name\":\"Gremien\"}]},{\"@type\":\"WebSite\",\"@id\":\"https:\/\/www.bjckm.de\/#website\",\"url\":\"https:\/\/www.bjckm.de\/\",\"name\":\"BJCKM\",\"description\":\"Bundesjugend f\u00fcr Computer, Kurzschrift und Medien\",\"publisher\":{\"@id\":\"https:\/\/www.bjckm.de\/#organization\"},\"potentialAction\":[{\"@type\":\"SearchAction\",\"target\":{\"@type\":\"EntryPoint\",\"urlTemplate\":\"https:\/\/www.bjckm.de\/?s={search_term_string}\"},\"query-input\":{\"@type\":\"PropertyValueSpecification\",\"valueRequired\":true,\"valueName\":\"search_term_string\"}}],\"inLanguage\":\"de\"},{\"@type\":\"Organization\",\"@id\":\"https:\/\/www.bjckm.de\/#organization\",\"name\":\"Bundesjugend f\u00fcr Computer, Kurzschrift und Medien\",\"url\":\"https:\/\/www.bjckm.de\/\",\"logo\":{\"@type\":\"ImageObject\",\"inLanguage\":\"de\",\"@id\":\"https:\/\/www.bjckm.de\/#\/schema\/logo\/image\/\",\"url\":\"https:\/\/www.bjckm.de\/wp-content\/uploads\/2019\/10\/cropped-logo_bjckm_farbe_text_12000x3375-e1571842379885.png\",\"contentUrl\":\"https:\/\/www.bjckm.de\/wp-content\/uploads\/2019\/10\/cropped-logo_bjckm_farbe_text_12000x3375-e1571842379885.png\",\"width\":583,\"height\":115,\"caption\":\"Bundesjugend f\u00fcr Computer, Kurzschrift und Medien\"},\"image\":{\"@id\":\"https:\/\/www.bjckm.de\/#\/schema\/logo\/image\/\"},\"sameAs\":[\"https:\/\/www.facebook.com\/bjckm\",\"https:\/\/x.com\/bjckm_steno\",\"https:\/\/www.instagram.com\/bjckm19\"]}]}<\/script>\n<!-- \/ Yoast SEO plugin. -->","yoast_head_json":{"title":"Gremien - BJCKM","robots":{"index":"index","follow":"follow","max-snippet":"max-snippet:-1","max-image-preview":"max-image-preview:large","max-video-preview":"max-video-preview:-1"},"canonical":"https:\/\/www.bjckm.de\/index.php\/gremien\/","og_locale":"de_DE","og_type":"article","og_title":"Gremien - BJCKM","og_description":"Die Gremien der BJCKM sind die j\u00e4hrlich stattfindende Delegiertenversammlung sowie das Herbsttreffen. Die in der Jugendordnung verankerte Delegiertenversammlung findet Anfang des Jahres statt. Auf ihr werden die wichtigsten Punkte f\u00fcr die Arbeit der BJCKM besprochen. Dort werden die Finanzen er\u00f6rtert, Jahresplanungen erstellt und das Bundesjugendschreiben vorbereitet. Seit 2014 findet j\u00e4hrlich im dritten Quartal des Jahres das sogenannte Herbsttreffen statt.\u00a0 Dort","og_url":"https:\/\/www.bjckm.de\/index.php\/gremien\/","og_site_name":"BJCKM","article_publisher":"https:\/\/www.facebook.com\/bjckm","article_modified_time":"2024-11-21T16:47:29+00:00","twitter_card":"summary_large_image","twitter_site":"@bjckm_steno","twitter_misc":{"Gesch\u00e4tzte Lesezeit":"1\u00a0Minute"},"schema":{"@context":"https:\/\/schema.org","@graph":[{"@type":"WebPage","@id":"https:\/\/www.bjckm.de\/index.php\/gremien\/","url":"https:\/\/www.bjckm.de\/index.php\/gremien\/","name":"Gremien - BJCKM","isPartOf":{"@id":"https:\/\/www.bjckm.de\/#website"},"datePublished":"2019-10-19T19:09:53+00:00","dateModified":"2024-11-21T16:47:29+00:00","breadcrumb":{"@id":"https:\/\/www.bjckm.de\/index.php\/gremien\/#breadcrumb"},"inLanguage":"de","potentialAction":[{"@type":"ReadAction","target":["https:\/\/www.bjckm.de\/index.php\/gremien\/"]}]},{"@type":"BreadcrumbList","@id":"https:\/\/www.bjckm.de\/index.php\/gremien\/#breadcrumb","itemListElement":[{"@type":"ListItem","position":1,"name":"Startseite","item":"https:\/\/www.bjckm.de\/"},{"@type":"ListItem","position":2,"name":"Gremien"}]},{"@type":"WebSite","@id":"https:\/\/www.bjckm.de\/#website","url":"https:\/\/www.bjckm.de\/","name":"BJCKM","description":"Bundesjugend f\u00fcr Computer, Kurzschrift und Medien","publisher":{"@id":"https:\/\/www.bjckm.de\/#organization"},"potentialAction":[{"@type":"SearchAction","target":{"@type":"EntryPoint","urlTemplate":"https:\/\/www.bjckm.de\/?s={search_term_string}"},"query-input":{"@type":"PropertyValueSpecification","valueRequired":true,"valueName":"search_term_string"}}],"inLanguage":"de"},{"@type":"Organization","@id":"https:\/\/www.bjckm.de\/#organization","name":"Bundesjugend f\u00fcr Computer, Kurzschrift und Medien","url":"https:\/\/www.bjckm.de\/","logo":{"@type":"ImageObject","inLanguage":"de","@id":"https:\/\/www.bjckm.de\/#\/schema\/logo\/image\/","url":"https:\/\/www.bjckm.de\/wp-content\/uploads\/2019\/10\/cropped-logo_bjckm_farbe_text_12000x3375-e1571842379885.png","contentUrl":"https:\/\/www.bjckm.de\/wp-content\/uploads\/2019\/10\/cropped-logo_bjckm_farbe_text_12000x3375-e1571842379885.png","width":583,"height":115,"caption":"Bundesjugend f\u00fcr Computer, Kurzschrift und Medien"},"image":{"@id":"https:\/\/www.bjckm.de\/#\/schema\/logo\/image\/"},"sameAs":["https:\/\/www.facebook.com\/bjckm","https:\/\/x.com\/bjckm_steno","https:\/\/www.instagram.com\/bjckm19"]}]}},"_links":{"self":[{"href":"https:\/\/www.bjckm.de\/index.php\/wp-json\/wp\/v2\/pages\/297","targetHints":{"allow":["GET"]}}],"collection":[{"href":"https:\/\/www.bjckm.de\/index.php\/wp-json\/wp\/v2\/pages"}],"about":[{"href":"https:\/\/www.bjckm.de\/index.php\/wp-json\/wp\/v2\/types\/page"}],"author":[{"embeddable":true,"href":"https:\/\/www.bjckm.de\/index.php\/wp-json\/wp\/v2\/users\/4"}],"replies":[{"embeddable":true,"href":"https:\/\/www.bjckm.de\/index.php\/wp-json\/wp\/v2\/comments?post=297"}],"version-history":[{"count":1,"href":"https:\/\/www.bjckm.de\/index.php\/wp-json\/wp\/v2\/pages\/297\/revisions"}],"predecessor-version":[{"id":2032,"href":"https:\/\/www.bjckm.de\/index.php\/wp-json\/wp\/v2\/pages\/297\/revisions\/2032"}],"wp:attachment":[{"href":"https:\/\/www.bjckm.de\/index.php\/wp-json\/wp\/v2\/media?parent=297"}],"curies":[{"name":"wp","href":"https:\/\/api.w.org\/{rel}","templated":true}]}}