{"id":299,"date":"2019-10-19T21:14:26","date_gmt":"2019-10-19T19:14:26","guid":{"rendered":"http:\/\/www.schuelerleistungsschreiben.de\/?page_id=299"},"modified":"2026-02-21T16:46:01","modified_gmt":"2026-02-21T15:46:01","slug":"delegiertenversammlung","status":"publish","type":"page","link":"https:\/\/www.bjckm.de\/index.php\/gremien\/delegiertenversammlung\/","title":{"rendered":"Delegiertenversammlung"},"content":{"rendered":"<p>Die Delegiertenversammlung dient der Erledigung der in der Jugendordnung festgelegten Punkte. Auf ihr wird die Bundesjugendleitung alle zwei Jahre gew\u00e4hlt. Au\u00dferdem wird \u00fcber den Haushalt debattiert, dieser festgelegt und anschlie\u00dfend beschlossen. Zudem wird \u00fcber die Entlastung der Bundesjugendleitung abgestimmt.<\/p>\n<p>Das Programm f\u00fcr das laufende Jahr wird vorbereitet und beschlossen, teilweise sogar \u00fcber das Jahr hinaus. Einen gro\u00dfen Punkt stellt bei jeder Sitzung auch das Bundesjugendschreiben dar. Nicht nur die R\u00fcckschau, sondern auch aktuelle Entwicklungen sowie der Ausblick sind Themen dieses Gremiums.<\/p>\n<p>Au\u00dferdem besteht die M\u00f6glichkeit, Antr\u00e4ge an die Delegiertenversammlung zu stellen. Dies ist auch extra in der Jugendordnung verankert. Stimmberechtigt sind die Vertreter der jeweiligen Jugendorganisationen der Mitgliedsverb\u00e4nde und die Fachorganisationen des Deutschen Stenografenbundes.<\/p>\n<p>Wir begr\u00fc\u00dfen gerne nicht nur die Vertreter auf der Delegiertenversammlung, sondern auch alle, die sich in die Arbeit und Gestaltung der BJCKM einbringen wollen.<\/p>\n<p>&nbsp;<\/p>\n<p><strong>Orte der Delegiertenversammlung:<\/strong><\/p>\n<p>2027 &#8211; online<\/p>\n<p>2026 &#8211; Mainz<\/p>\n<p>2025 &#8211; online<\/p>\n<p>2024 &#8211; Darmstadt<\/p>\n<p>2023 &#8211; W\u00fcrzburg<\/p>\n<p>2022 &#8211; online<\/p>\n<p>2021 &#8211; online<\/p>\n<p>2020 &#8211; Dortmund<\/p>\n<p>2019 &#8211; Gr\u00fcnberg<\/p>\n<p>2018 &#8211; Wiesbaden<\/p>\n<p>2017 &#8211; Idar-Oberstein<\/p>\n<p>2016 &#8211; Aachen<\/p>\n<p>2015 &#8211; Haltern am See<\/p>\n<p>2014 &#8211; Wetzlar<\/p>\n<p>2013 &#8211; St. Goar<\/p>\n<p>2012 &#8211; Bad Ems<\/p>\n<p>2011 &#8211; Eisenach<\/p>\n<p>2010 &#8211; M\u00fcnster<\/p>\n<p>2009 &#8211; Mainz<\/p>\n<p>2008 &#8211; K\u00f6ln<\/p>\n<p>2007 &#8211; Butzbach<\/p>\n<p>2006 &#8211; Butzbach<\/p>\n<p>2005 &#8211; Fulda<\/p>\n<p>2004 &#8211; Goslar<\/p>\n<p>2003 &#8211; Nordhausen<\/p>\n<p>2002 &#8211; Eschwege<\/p>\n<p>2001 &#8211; Holzminden<\/p>\n<p>2000 &#8211; Altleiningen<\/p>\n<p>1999 &#8211; Hameln<\/p>\n<p>1998 &#8211; Heilbad Heiligenstadt<\/p>\n","protected":false},"excerpt":{"rendered":"<p>Die Delegiertenversammlung dient der Erledigung der in der Jugendordnung festgelegten Punkte. Auf ihr wird die Bundesjugendleitung alle zwei Jahre gew\u00e4hlt. Au\u00dferdem wird \u00fcber den Haushalt debattiert, dieser festgelegt und anschlie\u00dfend beschlossen. Zudem wird \u00fcber die Entlastung der Bundesjugendleitung abgestimmt. Das Programm f\u00fcr das laufende Jahr wird vorbereitet und beschlossen, teilweise sogar \u00fcber das Jahr hinaus. Einen gro\u00dfen Punkt stellt bei<\/p>\n","protected":false},"author":4,"featured_media":0,"parent":297,"menu_order":0,"comment_status":"closed","ping_status":"closed","template":"","meta":{"footnotes":""},"class_list":["post-299","page","type-page","status-publish","hentry","","tg-column-two"],"yoast_head":"<!-- This site is optimized with the Yoast SEO plugin v25.8 - https:\/\/yoast.com\/wordpress\/plugins\/seo\/ -->\n<title>Delegiertenversammlung - BJCKM<\/title>\n<meta name=\"robots\" content=\"index, follow, max-snippet:-1, max-image-preview:large, max-video-preview:-1\" \/>\n<link rel=\"canonical\" href=\"https:\/\/www.bjckm.de\/index.php\/gremien\/delegiertenversammlung\/\" \/>\n<meta property=\"og:locale\" content=\"de_DE\" \/>\n<meta property=\"og:type\" content=\"article\" \/>\n<meta property=\"og:title\" content=\"Delegiertenversammlung - BJCKM\" \/>\n<meta property=\"og:description\" content=\"Die Delegiertenversammlung dient der Erledigung der in der Jugendordnung festgelegten Punkte. Auf ihr wird die Bundesjugendleitung alle zwei Jahre gew\u00e4hlt. Au\u00dferdem wird \u00fcber den Haushalt debattiert, dieser festgelegt und anschlie\u00dfend beschlossen. Zudem wird \u00fcber die Entlastung der Bundesjugendleitung abgestimmt. Das Programm f\u00fcr das laufende Jahr wird vorbereitet und beschlossen, teilweise sogar \u00fcber das Jahr hinaus. Einen gro\u00dfen Punkt stellt bei\" \/>\n<meta property=\"og:url\" content=\"https:\/\/www.bjckm.de\/index.php\/gremien\/delegiertenversammlung\/\" \/>\n<meta property=\"og:site_name\" content=\"BJCKM\" \/>\n<meta property=\"article:publisher\" content=\"https:\/\/www.facebook.com\/bjckm\" \/>\n<meta property=\"article:modified_time\" content=\"2026-02-21T15:46:01+00:00\" \/>\n<meta name=\"twitter:card\" content=\"summary_large_image\" \/>\n<meta name=\"twitter:site\" content=\"@bjckm_steno\" \/>\n<meta name=\"twitter:label1\" content=\"Gesch\u00e4tzte Lesezeit\" \/>\n\t<meta name=\"twitter:data1\" content=\"2\u00a0Minuten\" \/>\n<script type=\"application\/ld+json\" class=\"yoast-schema-graph\">{\"@context\":\"https:\/\/schema.org\",\"@graph\":[{\"@type\":\"WebPage\",\"@id\":\"https:\/\/www.bjckm.de\/index.php\/gremien\/delegiertenversammlung\/\",\"url\":\"https:\/\/www.bjckm.de\/index.php\/gremien\/delegiertenversammlung\/\",\"name\":\"Delegiertenversammlung - BJCKM\",\"isPartOf\":{\"@id\":\"https:\/\/www.bjckm.de\/#website\"},\"datePublished\":\"2019-10-19T19:14:26+00:00\",\"dateModified\":\"2026-02-21T15:46:01+00:00\",\"breadcrumb\":{\"@id\":\"https:\/\/www.bjckm.de\/index.php\/gremien\/delegiertenversammlung\/#breadcrumb\"},\"inLanguage\":\"de\",\"potentialAction\":[{\"@type\":\"ReadAction\",\"target\":[\"https:\/\/www.bjckm.de\/index.php\/gremien\/delegiertenversammlung\/\"]}]},{\"@type\":\"BreadcrumbList\",\"@id\":\"https:\/\/www.bjckm.de\/index.php\/gremien\/delegiertenversammlung\/#breadcrumb\",\"itemListElement\":[{\"@type\":\"ListItem\",\"position\":1,\"name\":\"Startseite\",\"item\":\"https:\/\/www.bjckm.de\/\"},{\"@type\":\"ListItem\",\"position\":2,\"name\":\"Gremien\",\"item\":\"https:\/\/www.bjckm.de\/index.php\/gremien\/\"},{\"@type\":\"ListItem\",\"position\":3,\"name\":\"Delegiertenversammlung\"}]},{\"@type\":\"WebSite\",\"@id\":\"https:\/\/www.bjckm.de\/#website\",\"url\":\"https:\/\/www.bjckm.de\/\",\"name\":\"BJCKM\",\"description\":\"Bundesjugend f\u00fcr Computer, Kurzschrift und Medien\",\"publisher\":{\"@id\":\"https:\/\/www.bjckm.de\/#organization\"},\"potentialAction\":[{\"@type\":\"SearchAction\",\"target\":{\"@type\":\"EntryPoint\",\"urlTemplate\":\"https:\/\/www.bjckm.de\/?s={search_term_string}\"},\"query-input\":{\"@type\":\"PropertyValueSpecification\",\"valueRequired\":true,\"valueName\":\"search_term_string\"}}],\"inLanguage\":\"de\"},{\"@type\":\"Organization\",\"@id\":\"https:\/\/www.bjckm.de\/#organization\",\"name\":\"Bundesjugend f\u00fcr Computer, Kurzschrift und Medien\",\"url\":\"https:\/\/www.bjckm.de\/\",\"logo\":{\"@type\":\"ImageObject\",\"inLanguage\":\"de\",\"@id\":\"https:\/\/www.bjckm.de\/#\/schema\/logo\/image\/\",\"url\":\"https:\/\/www.bjckm.de\/wp-content\/uploads\/2019\/10\/cropped-logo_bjckm_farbe_text_12000x3375-e1571842379885.png\",\"contentUrl\":\"https:\/\/www.bjckm.de\/wp-content\/uploads\/2019\/10\/cropped-logo_bjckm_farbe_text_12000x3375-e1571842379885.png\",\"width\":583,\"height\":115,\"caption\":\"Bundesjugend f\u00fcr Computer, Kurzschrift und Medien\"},\"image\":{\"@id\":\"https:\/\/www.bjckm.de\/#\/schema\/logo\/image\/\"},\"sameAs\":[\"https:\/\/www.facebook.com\/bjckm\",\"https:\/\/x.com\/bjckm_steno\",\"https:\/\/www.instagram.com\/bjckm19\"]}]}<\/script>\n<!-- \/ Yoast SEO plugin. -->","yoast_head_json":{"title":"Delegiertenversammlung - BJCKM","robots":{"index":"index","follow":"follow","max-snippet":"max-snippet:-1","max-image-preview":"max-image-preview:large","max-video-preview":"max-video-preview:-1"},"canonical":"https:\/\/www.bjckm.de\/index.php\/gremien\/delegiertenversammlung\/","og_locale":"de_DE","og_type":"article","og_title":"Delegiertenversammlung - BJCKM","og_description":"Die Delegiertenversammlung dient der Erledigung der in der Jugendordnung festgelegten Punkte. Auf ihr wird die Bundesjugendleitung alle zwei Jahre gew\u00e4hlt. Au\u00dferdem wird \u00fcber den Haushalt debattiert, dieser festgelegt und anschlie\u00dfend beschlossen. Zudem wird \u00fcber die Entlastung der Bundesjugendleitung abgestimmt. Das Programm f\u00fcr das laufende Jahr wird vorbereitet und beschlossen, teilweise sogar \u00fcber das Jahr hinaus. Einen gro\u00dfen Punkt stellt bei","og_url":"https:\/\/www.bjckm.de\/index.php\/gremien\/delegiertenversammlung\/","og_site_name":"BJCKM","article_publisher":"https:\/\/www.facebook.com\/bjckm","article_modified_time":"2026-02-21T15:46:01+00:00","twitter_card":"summary_large_image","twitter_site":"@bjckm_steno","twitter_misc":{"Gesch\u00e4tzte Lesezeit":"2\u00a0Minuten"},"schema":{"@context":"https:\/\/schema.org","@graph":[{"@type":"WebPage","@id":"https:\/\/www.bjckm.de\/index.php\/gremien\/delegiertenversammlung\/","url":"https:\/\/www.bjckm.de\/index.php\/gremien\/delegiertenversammlung\/","name":"Delegiertenversammlung - BJCKM","isPartOf":{"@id":"https:\/\/www.bjckm.de\/#website"},"datePublished":"2019-10-19T19:14:26+00:00","dateModified":"2026-02-21T15:46:01+00:00","breadcrumb":{"@id":"https:\/\/www.bjckm.de\/index.php\/gremien\/delegiertenversammlung\/#breadcrumb"},"inLanguage":"de","potentialAction":[{"@type":"ReadAction","target":["https:\/\/www.bjckm.de\/index.php\/gremien\/delegiertenversammlung\/"]}]},{"@type":"BreadcrumbList","@id":"https:\/\/www.bjckm.de\/index.php\/gremien\/delegiertenversammlung\/#breadcrumb","itemListElement":[{"@type":"ListItem","position":1,"name":"Startseite","item":"https:\/\/www.bjckm.de\/"},{"@type":"ListItem","position":2,"name":"Gremien","item":"https:\/\/www.bjckm.de\/index.php\/gremien\/"},{"@type":"ListItem","position":3,"name":"Delegiertenversammlung"}]},{"@type":"WebSite","@id":"https:\/\/www.bjckm.de\/#website","url":"https:\/\/www.bjckm.de\/","name":"BJCKM","description":"Bundesjugend f\u00fcr Computer, Kurzschrift und Medien","publisher":{"@id":"https:\/\/www.bjckm.de\/#organization"},"potentialAction":[{"@type":"SearchAction","target":{"@type":"EntryPoint","urlTemplate":"https:\/\/www.bjckm.de\/?s={search_term_string}"},"query-input":{"@type":"PropertyValueSpecification","valueRequired":true,"valueName":"search_term_string"}}],"inLanguage":"de"},{"@type":"Organization","@id":"https:\/\/www.bjckm.de\/#organization","name":"Bundesjugend f\u00fcr Computer, Kurzschrift und Medien","url":"https:\/\/www.bjckm.de\/","logo":{"@type":"ImageObject","inLanguage":"de","@id":"https:\/\/www.bjckm.de\/#\/schema\/logo\/image\/","url":"https:\/\/www.bjckm.de\/wp-content\/uploads\/2019\/10\/cropped-logo_bjckm_farbe_text_12000x3375-e1571842379885.png","contentUrl":"https:\/\/www.bjckm.de\/wp-content\/uploads\/2019\/10\/cropped-logo_bjckm_farbe_text_12000x3375-e1571842379885.png","width":583,"height":115,"caption":"Bundesjugend f\u00fcr Computer, Kurzschrift und Medien"},"image":{"@id":"https:\/\/www.bjckm.de\/#\/schema\/logo\/image\/"},"sameAs":["https:\/\/www.facebook.com\/bjckm","https:\/\/x.com\/bjckm_steno","https:\/\/www.instagram.com\/bjckm19"]}]}},"_links":{"self":[{"href":"https:\/\/www.bjckm.de\/index.php\/wp-json\/wp\/v2\/pages\/299","targetHints":{"allow":["GET"]}}],"collection":[{"href":"https:\/\/www.bjckm.de\/index.php\/wp-json\/wp\/v2\/pages"}],"about":[{"href":"https:\/\/www.bjckm.de\/index.php\/wp-json\/wp\/v2\/types\/page"}],"author":[{"embeddable":true,"href":"https:\/\/www.bjckm.de\/index.php\/wp-json\/wp\/v2\/users\/4"}],"replies":[{"embeddable":true,"href":"https:\/\/www.bjckm.de\/index.php\/wp-json\/wp\/v2\/comments?post=299"}],"version-history":[{"count":3,"href":"https:\/\/www.bjckm.de\/index.php\/wp-json\/wp\/v2\/pages\/299\/revisions"}],"predecessor-version":[{"id":2433,"href":"https:\/\/www.bjckm.de\/index.php\/wp-json\/wp\/v2\/pages\/299\/revisions\/2433"}],"up":[{"embeddable":true,"href":"https:\/\/www.bjckm.de\/index.php\/wp-json\/wp\/v2\/pages\/297"}],"wp:attachment":[{"href":"https:\/\/www.bjckm.de\/index.php\/wp-json\/wp\/v2\/media?parent=299"}],"curies":[{"name":"wp","href":"https:\/\/api.w.org\/{rel}","templated":true}]}}