{"id":30,"date":"2019-08-22T23:06:49","date_gmt":"2019-08-22T21:06:49","guid":{"rendered":"http:\/\/www.schuelerleistungsschreiben.de\/?page_id=30"},"modified":"2025-07-28T11:17:35","modified_gmt":"2025-07-28T09:17:35","slug":"bundesjugendschreiben","status":"publish","type":"page","link":"https:\/\/www.bjckm.de\/index.php\/bundesjugendschreiben\/","title":{"rendered":"Bundesjugendschreiben"},"content":{"rendered":"<h2>Bundesjugendschreiben 2025<\/h2>\n<p>Das <strong>52. Bundesjugendschreiben<\/strong> wurde am 13. Juni 2025 beendet. Die Siegerlisten sind <a href=\"https:\/\/portal.bjckm.de\/bjs2025\/ergebnisse\/index\">&gt;hier&lt;<\/a> abrufbar. Wir gratulieren allen erfolgreichen Teilnehmerinnen und Teilnehmern.<\/p>\n<p>Ergebnisse k\u00f6nnen noch bis Mitte Juli in das Portal eingegeben und zum Urkundendruck freigegeben werden. Eine Wertung in der Bundessiegerliste erfolgt allerdings nicht mehr.<\/p>\n<p><span style=\"color: #ff0000;\">Vom <strong>01. August 2025 <\/strong>bis zum <strong>13. Juni 2026 <\/strong>findet das <strong>53. Bundesjugendschreiben<\/strong> statt.<\/span><br \/>\n<span style=\"color: #ff0000;\">Mehr Infos zur Umstellung des Durchf\u00fchrungszeitraum finden Sie <a style=\"color: #ff0000;\" href=\"https:\/\/www.bjckm.de\/index.php\/zeitraum-bjs-ab-25\/\">hier<\/a>.<\/span><\/p>\n<p><em><strong>Sie m\u00f6chten sich als Veranstalter registrieren?<br \/>\n<\/strong><\/em>Nutzen Sie unser Online-Formular.<\/p>\n<a href=\"https:\/\/www.bjckm.de\/index.php\/bundesjugendschreiben\/bjs-veranstaltermeldung\/\" class=\"su-button su-button-style-soft\" style=\"color:#000000;background-color:#2D89EF;border-color:#246ec0;border-radius:8px\" target=\"_self\"><span style=\"color:#000000;padding:7px 22px;font-size:17px;line-height:26px;border-color:#6cadf4;border-radius:8px;text-shadow:1px 1px 0px #b8b8b8\"><i class=\"sui sui-pencil\" style=\"font-size:17px;color:#000000\"><\/i> Als Veranstalter registrieren<\/span><\/a>\n<hr \/>\n<h2>Ergebnisse des Bundesjugendschreiben 2024<\/h2>\n<h6 style=\"text-align: left;\"><strong>Die Ergebnisse des 51. Bundesjugendschreiben stehen fest<br \/>\n<\/strong><\/h6>\n<p>Wir gratulieren allen Teilnehmerinnen und Teilnehmern zu ihren tollen Leistungen! Die <strong>Ergebnisse des Bundesjugendschreibens<\/strong> k\u00f6nnen <strong><a href=\"https:\/\/portal.bjckm.de\/bjs2024\/ergebnisse\" target=\"_blank\" rel=\"noreferrer noopener\">hier<\/a><\/strong> gefunden werden. Bis zum <strong>31. Dezember<\/strong> k\u00f6nnen Sie auch nach dem 1. Juni weiterhin <strong>au\u00dfer Konkurrenz<\/strong> Urkunden erschreiben.<\/p>\n<p>Wir bedanken uns auch bei allen Helfern f\u00fcr ihre Unterst\u00fctzung bei der Durchf\u00fchrung des Bundesjugendschreibens!<\/p>\n","protected":false},"excerpt":{"rendered":"<p>Bundesjugendschreiben 2025 Das 52. Bundesjugendschreiben wurde am 13. Juni 2025 beendet. Die Siegerlisten sind &gt;hier&lt; abrufbar. Wir gratulieren allen erfolgreichen Teilnehmerinnen und Teilnehmern. Ergebnisse k\u00f6nnen noch bis Mitte Juli in das Portal eingegeben und zum Urkundendruck freigegeben werden. Eine Wertung in der Bundessiegerliste erfolgt allerdings nicht mehr. Vom 01. August 2025 bis zum 13. Juni 2026 findet das 53. Bundesjugendschreiben<\/p>\n","protected":false},"author":2,"featured_media":0,"parent":0,"menu_order":0,"comment_status":"closed","ping_status":"closed","template":"","meta":{"footnotes":""},"class_list":["post-30","page","type-page","status-publish","hentry","","tg-column-two"],"yoast_head":"<!-- This site is optimized with the Yoast SEO plugin v25.8 - https:\/\/yoast.com\/wordpress\/plugins\/seo\/ -->\n<title>Bundesjugendschreiben - BJCKM<\/title>\n<meta name=\"robots\" content=\"index, follow, max-snippet:-1, max-image-preview:large, max-video-preview:-1\" \/>\n<link rel=\"canonical\" href=\"https:\/\/www.bjckm.de\/index.php\/bundesjugendschreiben\/\" \/>\n<meta property=\"og:locale\" content=\"de_DE\" \/>\n<meta property=\"og:type\" content=\"article\" \/>\n<meta property=\"og:title\" content=\"Bundesjugendschreiben - BJCKM\" \/>\n<meta property=\"og:description\" content=\"Bundesjugendschreiben 2025 Das 52. Bundesjugendschreiben wurde am 13. Juni 2025 beendet. Die Siegerlisten sind &gt;hier&lt; abrufbar. Wir gratulieren allen erfolgreichen Teilnehmerinnen und Teilnehmern. Ergebnisse k\u00f6nnen noch bis Mitte Juli in das Portal eingegeben und zum Urkundendruck freigegeben werden. Eine Wertung in der Bundessiegerliste erfolgt allerdings nicht mehr. Vom 01. August 2025 bis zum 13. Juni 2026 findet das 53. Bundesjugendschreiben\" \/>\n<meta property=\"og:url\" content=\"https:\/\/www.bjckm.de\/index.php\/bundesjugendschreiben\/\" \/>\n<meta property=\"og:site_name\" content=\"BJCKM\" \/>\n<meta property=\"article:publisher\" content=\"https:\/\/www.facebook.com\/bjckm\" \/>\n<meta property=\"article:modified_time\" content=\"2025-07-28T09:17:35+00:00\" \/>\n<meta name=\"twitter:card\" content=\"summary_large_image\" \/>\n<meta name=\"twitter:site\" content=\"@bjckm_steno\" \/>\n<meta name=\"twitter:label1\" content=\"Gesch\u00e4tzte Lesezeit\" \/>\n\t<meta name=\"twitter:data1\" content=\"1\u00a0Minute\" \/>\n<script type=\"application\/ld+json\" class=\"yoast-schema-graph\">{\"@context\":\"https:\/\/schema.org\",\"@graph\":[{\"@type\":\"WebPage\",\"@id\":\"https:\/\/www.bjckm.de\/index.php\/bundesjugendschreiben\/\",\"url\":\"https:\/\/www.bjckm.de\/index.php\/bundesjugendschreiben\/\",\"name\":\"Bundesjugendschreiben - BJCKM\",\"isPartOf\":{\"@id\":\"https:\/\/www.bjckm.de\/#website\"},\"datePublished\":\"2019-08-22T21:06:49+00:00\",\"dateModified\":\"2025-07-28T09:17:35+00:00\",\"breadcrumb\":{\"@id\":\"https:\/\/www.bjckm.de\/index.php\/bundesjugendschreiben\/#breadcrumb\"},\"inLanguage\":\"de\",\"potentialAction\":[{\"@type\":\"ReadAction\",\"target\":[\"https:\/\/www.bjckm.de\/index.php\/bundesjugendschreiben\/\"]}]},{\"@type\":\"BreadcrumbList\",\"@id\":\"https:\/\/www.bjckm.de\/index.php\/bundesjugendschreiben\/#breadcrumb\",\"itemListElement\":[{\"@type\":\"ListItem\",\"position\":1,\"name\":\"Startseite\",\"item\":\"https:\/\/www.bjckm.de\/\"},{\"@type\":\"ListItem\",\"position\":2,\"name\":\"Bundesjugendschreiben\"}]},{\"@type\":\"WebSite\",\"@id\":\"https:\/\/www.bjckm.de\/#website\",\"url\":\"https:\/\/www.bjckm.de\/\",\"name\":\"BJCKM\",\"description\":\"Bundesjugend f\u00fcr Computer, Kurzschrift und Medien\",\"publisher\":{\"@id\":\"https:\/\/www.bjckm.de\/#organization\"},\"potentialAction\":[{\"@type\":\"SearchAction\",\"target\":{\"@type\":\"EntryPoint\",\"urlTemplate\":\"https:\/\/www.bjckm.de\/?s={search_term_string}\"},\"query-input\":{\"@type\":\"PropertyValueSpecification\",\"valueRequired\":true,\"valueName\":\"search_term_string\"}}],\"inLanguage\":\"de\"},{\"@type\":\"Organization\",\"@id\":\"https:\/\/www.bjckm.de\/#organization\",\"name\":\"Bundesjugend f\u00fcr Computer, Kurzschrift und Medien\",\"url\":\"https:\/\/www.bjckm.de\/\",\"logo\":{\"@type\":\"ImageObject\",\"inLanguage\":\"de\",\"@id\":\"https:\/\/www.bjckm.de\/#\/schema\/logo\/image\/\",\"url\":\"https:\/\/www.bjckm.de\/wp-content\/uploads\/2019\/10\/cropped-logo_bjckm_farbe_text_12000x3375-e1571842379885.png\",\"contentUrl\":\"https:\/\/www.bjckm.de\/wp-content\/uploads\/2019\/10\/cropped-logo_bjckm_farbe_text_12000x3375-e1571842379885.png\",\"width\":583,\"height\":115,\"caption\":\"Bundesjugend f\u00fcr Computer, Kurzschrift und Medien\"},\"image\":{\"@id\":\"https:\/\/www.bjckm.de\/#\/schema\/logo\/image\/\"},\"sameAs\":[\"https:\/\/www.facebook.com\/bjckm\",\"https:\/\/x.com\/bjckm_steno\",\"https:\/\/www.instagram.com\/bjckm19\"]}]}<\/script>\n<!-- \/ Yoast SEO plugin. -->","yoast_head_json":{"title":"Bundesjugendschreiben - BJCKM","robots":{"index":"index","follow":"follow","max-snippet":"max-snippet:-1","max-image-preview":"max-image-preview:large","max-video-preview":"max-video-preview:-1"},"canonical":"https:\/\/www.bjckm.de\/index.php\/bundesjugendschreiben\/","og_locale":"de_DE","og_type":"article","og_title":"Bundesjugendschreiben - BJCKM","og_description":"Bundesjugendschreiben 2025 Das 52. Bundesjugendschreiben wurde am 13. Juni 2025 beendet. Die Siegerlisten sind &gt;hier&lt; abrufbar. Wir gratulieren allen erfolgreichen Teilnehmerinnen und Teilnehmern. Ergebnisse k\u00f6nnen noch bis Mitte Juli in das Portal eingegeben und zum Urkundendruck freigegeben werden. Eine Wertung in der Bundessiegerliste erfolgt allerdings nicht mehr. Vom 01. August 2025 bis zum 13. Juni 2026 findet das 53. Bundesjugendschreiben","og_url":"https:\/\/www.bjckm.de\/index.php\/bundesjugendschreiben\/","og_site_name":"BJCKM","article_publisher":"https:\/\/www.facebook.com\/bjckm","article_modified_time":"2025-07-28T09:17:35+00:00","twitter_card":"summary_large_image","twitter_site":"@bjckm_steno","twitter_misc":{"Gesch\u00e4tzte Lesezeit":"1\u00a0Minute"},"schema":{"@context":"https:\/\/schema.org","@graph":[{"@type":"WebPage","@id":"https:\/\/www.bjckm.de\/index.php\/bundesjugendschreiben\/","url":"https:\/\/www.bjckm.de\/index.php\/bundesjugendschreiben\/","name":"Bundesjugendschreiben - BJCKM","isPartOf":{"@id":"https:\/\/www.bjckm.de\/#website"},"datePublished":"2019-08-22T21:06:49+00:00","dateModified":"2025-07-28T09:17:35+00:00","breadcrumb":{"@id":"https:\/\/www.bjckm.de\/index.php\/bundesjugendschreiben\/#breadcrumb"},"inLanguage":"de","potentialAction":[{"@type":"ReadAction","target":["https:\/\/www.bjckm.de\/index.php\/bundesjugendschreiben\/"]}]},{"@type":"BreadcrumbList","@id":"https:\/\/www.bjckm.de\/index.php\/bundesjugendschreiben\/#breadcrumb","itemListElement":[{"@type":"ListItem","position":1,"name":"Startseite","item":"https:\/\/www.bjckm.de\/"},{"@type":"ListItem","position":2,"name":"Bundesjugendschreiben"}]},{"@type":"WebSite","@id":"https:\/\/www.bjckm.de\/#website","url":"https:\/\/www.bjckm.de\/","name":"BJCKM","description":"Bundesjugend f\u00fcr Computer, Kurzschrift und Medien","publisher":{"@id":"https:\/\/www.bjckm.de\/#organization"},"potentialAction":[{"@type":"SearchAction","target":{"@type":"EntryPoint","urlTemplate":"https:\/\/www.bjckm.de\/?s={search_term_string}"},"query-input":{"@type":"PropertyValueSpecification","valueRequired":true,"valueName":"search_term_string"}}],"inLanguage":"de"},{"@type":"Organization","@id":"https:\/\/www.bjckm.de\/#organization","name":"Bundesjugend f\u00fcr Computer, Kurzschrift und Medien","url":"https:\/\/www.bjckm.de\/","logo":{"@type":"ImageObject","inLanguage":"de","@id":"https:\/\/www.bjckm.de\/#\/schema\/logo\/image\/","url":"https:\/\/www.bjckm.de\/wp-content\/uploads\/2019\/10\/cropped-logo_bjckm_farbe_text_12000x3375-e1571842379885.png","contentUrl":"https:\/\/www.bjckm.de\/wp-content\/uploads\/2019\/10\/cropped-logo_bjckm_farbe_text_12000x3375-e1571842379885.png","width":583,"height":115,"caption":"Bundesjugend f\u00fcr Computer, Kurzschrift und Medien"},"image":{"@id":"https:\/\/www.bjckm.de\/#\/schema\/logo\/image\/"},"sameAs":["https:\/\/www.facebook.com\/bjckm","https:\/\/x.com\/bjckm_steno","https:\/\/www.instagram.com\/bjckm19"]}]}},"_links":{"self":[{"href":"https:\/\/www.bjckm.de\/index.php\/wp-json\/wp\/v2\/pages\/30","targetHints":{"allow":["GET"]}}],"collection":[{"href":"https:\/\/www.bjckm.de\/index.php\/wp-json\/wp\/v2\/pages"}],"about":[{"href":"https:\/\/www.bjckm.de\/index.php\/wp-json\/wp\/v2\/types\/page"}],"author":[{"embeddable":true,"href":"https:\/\/www.bjckm.de\/index.php\/wp-json\/wp\/v2\/users\/2"}],"replies":[{"embeddable":true,"href":"https:\/\/www.bjckm.de\/index.php\/wp-json\/wp\/v2\/comments?post=30"}],"version-history":[{"count":40,"href":"https:\/\/www.bjckm.de\/index.php\/wp-json\/wp\/v2\/pages\/30\/revisions"}],"predecessor-version":[{"id":2284,"href":"https:\/\/www.bjckm.de\/index.php\/wp-json\/wp\/v2\/pages\/30\/revisions\/2284"}],"wp:attachment":[{"href":"https:\/\/www.bjckm.de\/index.php\/wp-json\/wp\/v2\/media?parent=30"}],"curies":[{"name":"wp","href":"https:\/\/api.w.org\/{rel}","templated":true}]}}