{"id":301,"date":"2019-10-19T21:10:39","date_gmt":"2019-10-19T19:10:39","guid":{"rendered":"http:\/\/www.schuelerleistungsschreiben.de\/?page_id=301"},"modified":"2026-02-21T16:47:13","modified_gmt":"2026-02-21T15:47:13","slug":"herbsttreffen","status":"publish","type":"page","link":"https:\/\/www.bjckm.de\/index.php\/gremien\/herbsttreffen\/","title":{"rendered":"Herbsttreffen"},"content":{"rendered":"<p>Das Herbsttreffen dient der Bearbeitung aktueller Themen, Ideen, Herausforderungen und Ver\u00e4nderungen. Es ist weniger f\u00f6rmlich als die Delegiertenversammlung, so existiert beispielsweise keine Tagesordnung. In der Einladung werden verschiedene Themen vorgeschlagen. Zu Beginn des Herbsttreffens ber\u00e4t das Gremium \u00fcber diese Vorschl\u00e4ge, erg\u00e4nzt diese und beginnt mit der Ausarbeitung der dann festgelegten Themen in einer lockeren Atmosph\u00e4re. Ein fester Bestandteil ist die Planung des Rahmenprogramms der Deutschen Meisterschaft im n\u00e4chsten Jahr.<\/p>\n<p>Nach dem kreativen Gedankenaustausch werden die Ergebnisse pr\u00e4sentiert und beraten.<\/p>\n<p>Das Herbsttreffen gibt es seit dem Jahr 2014. Zuvor war es ein in der Jugendordnung festgeschriebenes Organ: der Bundesjugendrat. Das Organ wurde zum Herbsttreffen, um flexibler auf aktuelle Themen eingehen zu k\u00f6nnen.<\/p>\n<p>&nbsp;<\/p>\n<p><strong>Orte des Herbsttreffens (vormals Bundesjugendrat):<\/strong><\/p>\n<p>2025 &#8211; Dortmund<\/p>\n<p>2024 &#8211; Dortmund<\/p>\n<p>2023 &#8211; Aachen<\/p>\n<p>2022 &#8211; Bad Neuenahr-Ahrweiler<\/p>\n<p>2021 &#8211; online<\/p>\n<p>2020 &#8211; online<\/p>\n<p>2019 &#8211; Waldbr\u00f6l<\/p>\n<p>2018 &#8211; Dortmund<\/p>\n<p>2017 &#8211; Bielefeld<\/p>\n<p>2016 &#8211; Leutesdorf<\/p>\n<p>2015 &#8211; Montabaur<\/p>\n<p>2014 &#8211; Bad Hersfeld<\/p>\n<p>2013 &#8211; ?<\/p>\n<p>2012 &#8211; Weimar<\/p>\n<p>2011 &#8211; Dortmund<\/p>\n<p>2010 &#8211; Marburg<\/p>\n<p>2009 &#8211; ?<\/p>\n<p>2008 &#8211; Wernigerode<\/p>\n<p>2007 &#8211; Bad Bergzabern<\/p>\n<p>2006 &#8211; ?<\/p>\n<p>2005 &#8211; Haltern<\/p>\n<p>2004 &#8211; Butzbach<\/p>\n<p>2003 &#8211; Wunstorf<\/p>\n<p>2002 &#8211; Meiningen<\/p>\n<p>2001 &#8211; Butzbach<\/p>\n<p>2000 &#8211; Butzbach<\/p>\n<p>1999 &#8211; Butzbach<\/p>\n<p>1998 &#8211; Wunstorf<\/p>\n\n\n<p><\/p>\n","protected":false},"excerpt":{"rendered":"<p>Das Herbsttreffen dient der Bearbeitung aktueller Themen, Ideen, Herausforderungen und Ver\u00e4nderungen. Es ist weniger f\u00f6rmlich als die Delegiertenversammlung, so existiert beispielsweise keine Tagesordnung. In der Einladung werden verschiedene Themen vorgeschlagen. Zu Beginn des Herbsttreffens ber\u00e4t das Gremium \u00fcber diese Vorschl\u00e4ge, erg\u00e4nzt diese und beginnt mit der Ausarbeitung der dann festgelegten Themen in einer lockeren Atmosph\u00e4re. Ein fester Bestandteil ist die<\/p>\n","protected":false},"author":4,"featured_media":0,"parent":297,"menu_order":0,"comment_status":"closed","ping_status":"closed","template":"","meta":{"footnotes":""},"class_list":["post-301","page","type-page","status-publish","hentry","","tg-column-two"],"yoast_head":"<!-- This site is optimized with the Yoast SEO plugin v27.4 - https:\/\/yoast.com\/product\/yoast-seo-wordpress\/ -->\n<title>Herbsttreffen - BJCKM<\/title>\n<meta name=\"robots\" content=\"index, follow, max-snippet:-1, max-image-preview:large, max-video-preview:-1\" \/>\n<link rel=\"canonical\" href=\"https:\/\/www.bjckm.de\/index.php\/gremien\/herbsttreffen\/\" \/>\n<meta property=\"og:locale\" content=\"de_DE\" \/>\n<meta property=\"og:type\" content=\"article\" \/>\n<meta property=\"og:title\" content=\"Herbsttreffen - BJCKM\" \/>\n<meta property=\"og:description\" content=\"Das Herbsttreffen dient der Bearbeitung aktueller Themen, Ideen, Herausforderungen und Ver\u00e4nderungen. Es ist weniger f\u00f6rmlich als die Delegiertenversammlung, so existiert beispielsweise keine Tagesordnung. In der Einladung werden verschiedene Themen vorgeschlagen. Zu Beginn des Herbsttreffens ber\u00e4t das Gremium \u00fcber diese Vorschl\u00e4ge, erg\u00e4nzt diese und beginnt mit der Ausarbeitung der dann festgelegten Themen in einer lockeren Atmosph\u00e4re. Ein fester Bestandteil ist die\" \/>\n<meta property=\"og:url\" content=\"https:\/\/www.bjckm.de\/index.php\/gremien\/herbsttreffen\/\" \/>\n<meta property=\"og:site_name\" content=\"BJCKM\" \/>\n<meta property=\"article:publisher\" content=\"https:\/\/www.facebook.com\/bjckm\" \/>\n<meta property=\"article:modified_time\" content=\"2026-02-21T15:47:13+00:00\" \/>\n<meta name=\"twitter:card\" content=\"summary_large_image\" \/>\n<meta name=\"twitter:site\" content=\"@bjckm_steno\" \/>\n<meta name=\"twitter:label1\" content=\"Gesch\u00e4tzte Lesezeit\" \/>\n\t<meta name=\"twitter:data1\" content=\"1\u00a0Minute\" \/>\n<script type=\"application\/ld+json\" class=\"yoast-schema-graph\">{\"@context\":\"https:\\\/\\\/schema.org\",\"@graph\":[{\"@type\":\"WebPage\",\"@id\":\"https:\\\/\\\/www.bjckm.de\\\/index.php\\\/gremien\\\/herbsttreffen\\\/\",\"url\":\"https:\\\/\\\/www.bjckm.de\\\/index.php\\\/gremien\\\/herbsttreffen\\\/\",\"name\":\"Herbsttreffen - BJCKM\",\"isPartOf\":{\"@id\":\"https:\\\/\\\/www.bjckm.de\\\/#website\"},\"datePublished\":\"2019-10-19T19:10:39+00:00\",\"dateModified\":\"2026-02-21T15:47:13+00:00\",\"breadcrumb\":{\"@id\":\"https:\\\/\\\/www.bjckm.de\\\/index.php\\\/gremien\\\/herbsttreffen\\\/#breadcrumb\"},\"inLanguage\":\"de\",\"potentialAction\":[{\"@type\":\"ReadAction\",\"target\":[\"https:\\\/\\\/www.bjckm.de\\\/index.php\\\/gremien\\\/herbsttreffen\\\/\"]}]},{\"@type\":\"BreadcrumbList\",\"@id\":\"https:\\\/\\\/www.bjckm.de\\\/index.php\\\/gremien\\\/herbsttreffen\\\/#breadcrumb\",\"itemListElement\":[{\"@type\":\"ListItem\",\"position\":1,\"name\":\"Startseite\",\"item\":\"https:\\\/\\\/www.bjckm.de\\\/\"},{\"@type\":\"ListItem\",\"position\":2,\"name\":\"Gremien\",\"item\":\"https:\\\/\\\/www.bjckm.de\\\/index.php\\\/gremien\\\/\"},{\"@type\":\"ListItem\",\"position\":3,\"name\":\"Herbsttreffen\"}]},{\"@type\":\"WebSite\",\"@id\":\"https:\\\/\\\/www.bjckm.de\\\/#website\",\"url\":\"https:\\\/\\\/www.bjckm.de\\\/\",\"name\":\"BJCKM\",\"description\":\"Bundesjugend f\u00fcr Computer, Kurzschrift und Medien\",\"publisher\":{\"@id\":\"https:\\\/\\\/www.bjckm.de\\\/#organization\"},\"potentialAction\":[{\"@type\":\"SearchAction\",\"target\":{\"@type\":\"EntryPoint\",\"urlTemplate\":\"https:\\\/\\\/www.bjckm.de\\\/?s={search_term_string}\"},\"query-input\":{\"@type\":\"PropertyValueSpecification\",\"valueRequired\":true,\"valueName\":\"search_term_string\"}}],\"inLanguage\":\"de\"},{\"@type\":\"Organization\",\"@id\":\"https:\\\/\\\/www.bjckm.de\\\/#organization\",\"name\":\"Bundesjugend f\u00fcr Computer, Kurzschrift und Medien\",\"url\":\"https:\\\/\\\/www.bjckm.de\\\/\",\"logo\":{\"@type\":\"ImageObject\",\"inLanguage\":\"de\",\"@id\":\"https:\\\/\\\/www.bjckm.de\\\/#\\\/schema\\\/logo\\\/image\\\/\",\"url\":\"https:\\\/\\\/www.bjckm.de\\\/wp-content\\\/uploads\\\/2019\\\/10\\\/cropped-logo_bjckm_farbe_text_12000x3375-e1571842379885.png\",\"contentUrl\":\"https:\\\/\\\/www.bjckm.de\\\/wp-content\\\/uploads\\\/2019\\\/10\\\/cropped-logo_bjckm_farbe_text_12000x3375-e1571842379885.png\",\"width\":583,\"height\":115,\"caption\":\"Bundesjugend f\u00fcr Computer, Kurzschrift und Medien\"},\"image\":{\"@id\":\"https:\\\/\\\/www.bjckm.de\\\/#\\\/schema\\\/logo\\\/image\\\/\"},\"sameAs\":[\"https:\\\/\\\/www.facebook.com\\\/bjckm\",\"https:\\\/\\\/x.com\\\/bjckm_steno\",\"https:\\\/\\\/www.instagram.com\\\/bjckm19\"]}]}<\/script>\n<!-- \/ Yoast SEO plugin. -->","yoast_head_json":{"title":"Herbsttreffen - BJCKM","robots":{"index":"index","follow":"follow","max-snippet":"max-snippet:-1","max-image-preview":"max-image-preview:large","max-video-preview":"max-video-preview:-1"},"canonical":"https:\/\/www.bjckm.de\/index.php\/gremien\/herbsttreffen\/","og_locale":"de_DE","og_type":"article","og_title":"Herbsttreffen - BJCKM","og_description":"Das Herbsttreffen dient der Bearbeitung aktueller Themen, Ideen, Herausforderungen und Ver\u00e4nderungen. Es ist weniger f\u00f6rmlich als die Delegiertenversammlung, so existiert beispielsweise keine Tagesordnung. In der Einladung werden verschiedene Themen vorgeschlagen. Zu Beginn des Herbsttreffens ber\u00e4t das Gremium \u00fcber diese Vorschl\u00e4ge, erg\u00e4nzt diese und beginnt mit der Ausarbeitung der dann festgelegten Themen in einer lockeren Atmosph\u00e4re. Ein fester Bestandteil ist die","og_url":"https:\/\/www.bjckm.de\/index.php\/gremien\/herbsttreffen\/","og_site_name":"BJCKM","article_publisher":"https:\/\/www.facebook.com\/bjckm","article_modified_time":"2026-02-21T15:47:13+00:00","twitter_card":"summary_large_image","twitter_site":"@bjckm_steno","twitter_misc":{"Gesch\u00e4tzte Lesezeit":"1\u00a0Minute"},"schema":{"@context":"https:\/\/schema.org","@graph":[{"@type":"WebPage","@id":"https:\/\/www.bjckm.de\/index.php\/gremien\/herbsttreffen\/","url":"https:\/\/www.bjckm.de\/index.php\/gremien\/herbsttreffen\/","name":"Herbsttreffen - BJCKM","isPartOf":{"@id":"https:\/\/www.bjckm.de\/#website"},"datePublished":"2019-10-19T19:10:39+00:00","dateModified":"2026-02-21T15:47:13+00:00","breadcrumb":{"@id":"https:\/\/www.bjckm.de\/index.php\/gremien\/herbsttreffen\/#breadcrumb"},"inLanguage":"de","potentialAction":[{"@type":"ReadAction","target":["https:\/\/www.bjckm.de\/index.php\/gremien\/herbsttreffen\/"]}]},{"@type":"BreadcrumbList","@id":"https:\/\/www.bjckm.de\/index.php\/gremien\/herbsttreffen\/#breadcrumb","itemListElement":[{"@type":"ListItem","position":1,"name":"Startseite","item":"https:\/\/www.bjckm.de\/"},{"@type":"ListItem","position":2,"name":"Gremien","item":"https:\/\/www.bjckm.de\/index.php\/gremien\/"},{"@type":"ListItem","position":3,"name":"Herbsttreffen"}]},{"@type":"WebSite","@id":"https:\/\/www.bjckm.de\/#website","url":"https:\/\/www.bjckm.de\/","name":"BJCKM","description":"Bundesjugend f\u00fcr Computer, Kurzschrift und Medien","publisher":{"@id":"https:\/\/www.bjckm.de\/#organization"},"potentialAction":[{"@type":"SearchAction","target":{"@type":"EntryPoint","urlTemplate":"https:\/\/www.bjckm.de\/?s={search_term_string}"},"query-input":{"@type":"PropertyValueSpecification","valueRequired":true,"valueName":"search_term_string"}}],"inLanguage":"de"},{"@type":"Organization","@id":"https:\/\/www.bjckm.de\/#organization","name":"Bundesjugend f\u00fcr Computer, Kurzschrift und Medien","url":"https:\/\/www.bjckm.de\/","logo":{"@type":"ImageObject","inLanguage":"de","@id":"https:\/\/www.bjckm.de\/#\/schema\/logo\/image\/","url":"https:\/\/www.bjckm.de\/wp-content\/uploads\/2019\/10\/cropped-logo_bjckm_farbe_text_12000x3375-e1571842379885.png","contentUrl":"https:\/\/www.bjckm.de\/wp-content\/uploads\/2019\/10\/cropped-logo_bjckm_farbe_text_12000x3375-e1571842379885.png","width":583,"height":115,"caption":"Bundesjugend f\u00fcr Computer, Kurzschrift und Medien"},"image":{"@id":"https:\/\/www.bjckm.de\/#\/schema\/logo\/image\/"},"sameAs":["https:\/\/www.facebook.com\/bjckm","https:\/\/x.com\/bjckm_steno","https:\/\/www.instagram.com\/bjckm19"]}]}},"_links":{"self":[{"href":"https:\/\/www.bjckm.de\/index.php\/wp-json\/wp\/v2\/pages\/301","targetHints":{"allow":["GET"]}}],"collection":[{"href":"https:\/\/www.bjckm.de\/index.php\/wp-json\/wp\/v2\/pages"}],"about":[{"href":"https:\/\/www.bjckm.de\/index.php\/wp-json\/wp\/v2\/types\/page"}],"author":[{"embeddable":true,"href":"https:\/\/www.bjckm.de\/index.php\/wp-json\/wp\/v2\/users\/4"}],"replies":[{"embeddable":true,"href":"https:\/\/www.bjckm.de\/index.php\/wp-json\/wp\/v2\/comments?post=301"}],"version-history":[{"count":3,"href":"https:\/\/www.bjckm.de\/index.php\/wp-json\/wp\/v2\/pages\/301\/revisions"}],"predecessor-version":[{"id":2434,"href":"https:\/\/www.bjckm.de\/index.php\/wp-json\/wp\/v2\/pages\/301\/revisions\/2434"}],"up":[{"embeddable":true,"href":"https:\/\/www.bjckm.de\/index.php\/wp-json\/wp\/v2\/pages\/297"}],"wp:attachment":[{"href":"https:\/\/www.bjckm.de\/index.php\/wp-json\/wp\/v2\/media?parent=301"}],"curies":[{"name":"wp","href":"https:\/\/api.w.org\/{rel}","templated":true}]}}