{"id":59,"date":"2019-08-23T00:32:14","date_gmt":"2019-08-22T22:32:14","guid":{"rendered":"http:\/\/www.schuelerleistungsschreiben.de\/?page_id=59"},"modified":"2024-01-09T21:13:29","modified_gmt":"2024-01-09T20:13:29","slug":"info-bjs","status":"publish","type":"page","link":"https:\/\/www.bjckm.de\/index.php\/bundesjugendschreiben\/info-bjs\/","title":{"rendered":"Was ist das Bundesjugendschreiben?"},"content":{"rendered":"<p>Das Bundesjugendschreiben ist ein <strong>dezentraler, bundesweiter Wettbewerb<\/strong>. Teilnehmen k\u00f6nnen sowohl Jugendliche als auch Erwachsene, wobei die Teilnahme ab 27 Jahren au\u00dfer Konkurrenz erfolgt. Die Teilnehmer in Konkurrenz sind in sechs Alterklassen (A &#8211; F) unterteilt. Auch die Teilnahme k\u00f6rperlich behinderter Jugendlicher ist m\u00f6glich und wird gesondert ber\u00fccksichtigt und gewertet.<\/p>\n<p>Das Bundesjugendschreiben wird in den folgenden Disziplinen angeboten:<\/p>\n<h4><a href=\"https:\/\/www.bjckm.de\/index.php\/bundesjugendschreiben\/info-bjs\/tastschreiben\/\" target=\"_blank\" rel=\"noopener\">Tastschreiben<\/a><\/h4>\n<ul>\n<li>Von einer Vorlage ist 10 Minuten lang ein Text so schnell und fehlerfrei wie m\u00f6glich abzuschreiben.<\/li>\n<\/ul>\n<h4><a href=\"https:\/\/www.bjckm.de\/index.php\/bundesjugendschreiben\/info-bjs\/textbearbeitung\/\" target=\"_blank\" rel=\"noopener noreferrer\">Textbearbeitung<\/a><\/h4>\n<ul>\n<li>An einem geladenen Text sind innerhalb von 10 Minuten m\u00f6glichst viele der vorgegebenen Korrekturen durchzuf\u00fchren.<\/li>\n<\/ul>\n<h4><a href=\"https:\/\/www.bjckm.de\/index.php\/bundesjugendschreiben\/info-bjs\/steno\/\" target=\"_blank\" rel=\"noopener noreferrer\">Kurzschrift<\/a><\/h4>\n<ul>\n<li>3- oder 5-Minuten-Ansage in gleichbleibender Geschwindigkeit (40, 60 oder 80 Silben pro Minute),<\/li>\n<li>Steigerungsansage in der Grundklasse von 60 bis 130 Silben pro Minute,<\/li>\n<li>Steigerungsansage in der Praktikerklasse I von 100 bis 205 Silben pro Minute,<\/li>\n<li>Steigerungsansage in der Praktikerklasse II von 160 bis 300 Silben pro Minute.<\/li>\n<\/ul>\n<h4><a href=\"https:\/\/www.bjckm.de\/index.php\/bundesjugendschreiben\/info-bjs\/tabellenkalkulation\/\" target=\"_blank\" rel=\"noopener noreferrer\">Tabellenkalkulation<\/a><\/h4>\n<ul>\n<li>Innerhalb von 20 Minuten sind Texte und Zahlen anhand einer Aufgabenliste in einem Tabellenkalkulationsprogramm (z.\u00a0B. Excel) einzugeben, zu verarbeiten und grafisch darzustellen.<\/li>\n<\/ul>\n<h4><a href=\"https:\/\/www.bjckm.de\/index.php\/bundesjugendschreiben\/info-bjs\/staffelschreiben\/\" target=\"_blank\" rel=\"noopener noreferrer\">Staffelschreiben<\/a><\/h4>\n<ul>\n<li>Vier Schreiber schreiben je einen Absatz eines Textes, dabei kommt es sowohl auf Geschwindigkeit als auch Fehlerfreiheit an.<\/li>\n<\/ul>\n<h4><a href=\"https:\/\/www.bjckm.de\/index.php\/bundesjugendschreiben\/info-bjs\/praxisnahe-textbearbeitung\/\">Praxisnahe Textbearbeitung<\/a><\/h4>\n<ul>\n<li>Erstellen eines Serienbriefes entsprechend den Regeln der DIN 5008<\/li>\n<li>Layoutgestaltung, z. B. mit Formatvorlagen und automatisiertem Inhaltsverzeichnis<\/li>\n<\/ul>\n<p>Die Sieger in jeder Altersklasse werden von der BJCKM zu einer <strong>Siegerehrung<\/strong> eingeladen, die ein Wochenende &#8211; zumeist im Juni &#8211; umfasst.<\/p>\n<p>Unabh\u00e4ngig von der Platzierung erh\u00e4lt <strong>jeder erfolgreiche Teilnehmer eine Urkunde<\/strong>. Die einzelnen Ergebnisse und Platzierungen k\u00f6nnen immer nach dem Ende des Wettbewerbszeitraumes <a href=\"https:\/\/portal.bjckm.de\/bjs\/ergebnisse\/index\" target=\"_blank\" rel=\"noopener noreferrer\">im BJS-Portal<\/a> abgerufen werden.<\/p>\n<p>Das Bundesjugendschreiben bietet sowohl f\u00fcr die Teilnehmer als auch f\u00fcr die Durchf\u00fchrenden <strong>Vorteile<\/strong>, da<\/p>\n<ul>\n<li>es als Ersatz f\u00fcr eine Klassenarbeit, ein Vereinsleistungsschreiben oder als separater Wettbewerb durchgef\u00fchrt werden kann,<\/li>\n<li>die Sch\u00fcler bzw. Vereinsmitglieder zu einer Leistungssteigerung motiviert werden,<\/li>\n<li>jeder erfolgreiche Teilnehmer eine Urkunde erh\u00e4lt, die als gute Anlage bei der Bewerbung um Ausbildungspl\u00e4tze bzw. im sp\u00e4teren beruflichen Leben dient.<\/li>\n<\/ul>\n<h3>Kosten<\/h3>\n<p>Die Kosten f\u00fcr das Bundesjugendschreiben setzen sich aus zwei Teilen zusammen:<br \/>\n<strong>1. Grundbetrag:<br \/>\n<\/strong>&#8211; 7,00 \u20ac\u00b9 pro Veranstalter<br \/>\n<strong>2. Urkunden:<br \/>\n<\/strong>&#8211; 1,30 \u20ac pro Teilnehmer\u00b2 (2,30 \u20ac f\u00fcr Teilnehmer \u00fcber 27 Jahre)<br \/>\n&#8211; 3,00 \u20ac pro Staffel im Staffelwettbewerb<\/p>\n<p>&nbsp;<\/p>\n<p style=\"text-align: right;\"><span style=\"font-size: 9pt;\">\u00b9 Der Grundbetrag enth\u00e4lt alle n\u00f6tigen Werbemittel, Ansagetexte, Textvorlagen, Ergebnis- und Siegerlisten.<br \/>\n\u00b2 Bei Online-Abgabe der Ergebnisse. Bei Abgabe analoger Ergebnislisten 1,80 \u20ac\/Teilnehmer (2,80 \u20ac f\u00fcr Teilnehmer \u00fcber 27 Jahre).<\/span><\/p>\n","protected":false},"excerpt":{"rendered":"<p>Das Bundesjugendschreiben ist ein dezentraler, bundesweiter Wettbewerb. Teilnehmen k\u00f6nnen sowohl Jugendliche als auch Erwachsene, wobei die Teilnahme ab 27 Jahren au\u00dfer Konkurrenz erfolgt. Die Teilnehmer in Konkurrenz sind in sechs Alterklassen (A &#8211; F) unterteilt. Auch die Teilnahme k\u00f6rperlich behinderter Jugendlicher ist m\u00f6glich und wird gesondert ber\u00fccksichtigt und gewertet. Das Bundesjugendschreiben wird in den folgenden Disziplinen angeboten: Tastschreiben Von einer<\/p>\n","protected":false},"author":2,"featured_media":0,"parent":30,"menu_order":0,"comment_status":"closed","ping_status":"closed","template":"","meta":{"footnotes":""},"class_list":["post-59","page","type-page","status-publish","hentry","","tg-column-two"],"yoast_head":"<!-- This site is optimized with the Yoast SEO plugin v25.8 - https:\/\/yoast.com\/wordpress\/plugins\/seo\/ -->\n<title>Was ist das Bundesjugendschreiben? - BJCKM<\/title>\n<meta name=\"robots\" content=\"index, follow, max-snippet:-1, max-image-preview:large, max-video-preview:-1\" \/>\n<link rel=\"canonical\" href=\"https:\/\/www.bjckm.de\/index.php\/bundesjugendschreiben\/info-bjs\/\" \/>\n<meta property=\"og:locale\" content=\"de_DE\" \/>\n<meta property=\"og:type\" content=\"article\" \/>\n<meta property=\"og:title\" content=\"Was ist das Bundesjugendschreiben? - BJCKM\" \/>\n<meta property=\"og:description\" content=\"Das Bundesjugendschreiben ist ein dezentraler, bundesweiter Wettbewerb. Teilnehmen k\u00f6nnen sowohl Jugendliche als auch Erwachsene, wobei die Teilnahme ab 27 Jahren au\u00dfer Konkurrenz erfolgt. Die Teilnehmer in Konkurrenz sind in sechs Alterklassen (A &#8211; F) unterteilt. Auch die Teilnahme k\u00f6rperlich behinderter Jugendlicher ist m\u00f6glich und wird gesondert ber\u00fccksichtigt und gewertet. Das Bundesjugendschreiben wird in den folgenden Disziplinen angeboten: Tastschreiben Von einer\" \/>\n<meta property=\"og:url\" content=\"https:\/\/www.bjckm.de\/index.php\/bundesjugendschreiben\/info-bjs\/\" \/>\n<meta property=\"og:site_name\" content=\"BJCKM\" \/>\n<meta property=\"article:publisher\" content=\"https:\/\/www.facebook.com\/bjckm\" \/>\n<meta property=\"article:modified_time\" content=\"2024-01-09T20:13:29+00:00\" \/>\n<meta name=\"twitter:card\" content=\"summary_large_image\" \/>\n<meta name=\"twitter:site\" content=\"@bjckm_steno\" \/>\n<meta name=\"twitter:label1\" content=\"Gesch\u00e4tzte Lesezeit\" \/>\n\t<meta name=\"twitter:data1\" content=\"3\u00a0Minuten\" \/>\n<script type=\"application\/ld+json\" class=\"yoast-schema-graph\">{\"@context\":\"https:\/\/schema.org\",\"@graph\":[{\"@type\":\"WebPage\",\"@id\":\"https:\/\/www.bjckm.de\/index.php\/bundesjugendschreiben\/info-bjs\/\",\"url\":\"https:\/\/www.bjckm.de\/index.php\/bundesjugendschreiben\/info-bjs\/\",\"name\":\"Was ist das Bundesjugendschreiben? - BJCKM\",\"isPartOf\":{\"@id\":\"https:\/\/www.bjckm.de\/#website\"},\"datePublished\":\"2019-08-22T22:32:14+00:00\",\"dateModified\":\"2024-01-09T20:13:29+00:00\",\"breadcrumb\":{\"@id\":\"https:\/\/www.bjckm.de\/index.php\/bundesjugendschreiben\/info-bjs\/#breadcrumb\"},\"inLanguage\":\"de\",\"potentialAction\":[{\"@type\":\"ReadAction\",\"target\":[\"https:\/\/www.bjckm.de\/index.php\/bundesjugendschreiben\/info-bjs\/\"]}]},{\"@type\":\"BreadcrumbList\",\"@id\":\"https:\/\/www.bjckm.de\/index.php\/bundesjugendschreiben\/info-bjs\/#breadcrumb\",\"itemListElement\":[{\"@type\":\"ListItem\",\"position\":1,\"name\":\"Startseite\",\"item\":\"https:\/\/www.bjckm.de\/\"},{\"@type\":\"ListItem\",\"position\":2,\"name\":\"Bundesjugendschreiben\",\"item\":\"https:\/\/www.bjckm.de\/index.php\/bundesjugendschreiben\/\"},{\"@type\":\"ListItem\",\"position\":3,\"name\":\"Was ist das Bundesjugendschreiben?\"}]},{\"@type\":\"WebSite\",\"@id\":\"https:\/\/www.bjckm.de\/#website\",\"url\":\"https:\/\/www.bjckm.de\/\",\"name\":\"BJCKM\",\"description\":\"Bundesjugend f\u00fcr Computer, Kurzschrift und Medien\",\"publisher\":{\"@id\":\"https:\/\/www.bjckm.de\/#organization\"},\"potentialAction\":[{\"@type\":\"SearchAction\",\"target\":{\"@type\":\"EntryPoint\",\"urlTemplate\":\"https:\/\/www.bjckm.de\/?s={search_term_string}\"},\"query-input\":{\"@type\":\"PropertyValueSpecification\",\"valueRequired\":true,\"valueName\":\"search_term_string\"}}],\"inLanguage\":\"de\"},{\"@type\":\"Organization\",\"@id\":\"https:\/\/www.bjckm.de\/#organization\",\"name\":\"Bundesjugend f\u00fcr Computer, Kurzschrift und Medien\",\"url\":\"https:\/\/www.bjckm.de\/\",\"logo\":{\"@type\":\"ImageObject\",\"inLanguage\":\"de\",\"@id\":\"https:\/\/www.bjckm.de\/#\/schema\/logo\/image\/\",\"url\":\"https:\/\/www.bjckm.de\/wp-content\/uploads\/2019\/10\/cropped-logo_bjckm_farbe_text_12000x3375-e1571842379885.png\",\"contentUrl\":\"https:\/\/www.bjckm.de\/wp-content\/uploads\/2019\/10\/cropped-logo_bjckm_farbe_text_12000x3375-e1571842379885.png\",\"width\":583,\"height\":115,\"caption\":\"Bundesjugend f\u00fcr Computer, Kurzschrift und Medien\"},\"image\":{\"@id\":\"https:\/\/www.bjckm.de\/#\/schema\/logo\/image\/\"},\"sameAs\":[\"https:\/\/www.facebook.com\/bjckm\",\"https:\/\/x.com\/bjckm_steno\",\"https:\/\/www.instagram.com\/bjckm19\"]}]}<\/script>\n<!-- \/ Yoast SEO plugin. -->","yoast_head_json":{"title":"Was ist das Bundesjugendschreiben? - BJCKM","robots":{"index":"index","follow":"follow","max-snippet":"max-snippet:-1","max-image-preview":"max-image-preview:large","max-video-preview":"max-video-preview:-1"},"canonical":"https:\/\/www.bjckm.de\/index.php\/bundesjugendschreiben\/info-bjs\/","og_locale":"de_DE","og_type":"article","og_title":"Was ist das Bundesjugendschreiben? - BJCKM","og_description":"Das Bundesjugendschreiben ist ein dezentraler, bundesweiter Wettbewerb. Teilnehmen k\u00f6nnen sowohl Jugendliche als auch Erwachsene, wobei die Teilnahme ab 27 Jahren au\u00dfer Konkurrenz erfolgt. Die Teilnehmer in Konkurrenz sind in sechs Alterklassen (A &#8211; F) unterteilt. Auch die Teilnahme k\u00f6rperlich behinderter Jugendlicher ist m\u00f6glich und wird gesondert ber\u00fccksichtigt und gewertet. Das Bundesjugendschreiben wird in den folgenden Disziplinen angeboten: Tastschreiben Von einer","og_url":"https:\/\/www.bjckm.de\/index.php\/bundesjugendschreiben\/info-bjs\/","og_site_name":"BJCKM","article_publisher":"https:\/\/www.facebook.com\/bjckm","article_modified_time":"2024-01-09T20:13:29+00:00","twitter_card":"summary_large_image","twitter_site":"@bjckm_steno","twitter_misc":{"Gesch\u00e4tzte Lesezeit":"3\u00a0Minuten"},"schema":{"@context":"https:\/\/schema.org","@graph":[{"@type":"WebPage","@id":"https:\/\/www.bjckm.de\/index.php\/bundesjugendschreiben\/info-bjs\/","url":"https:\/\/www.bjckm.de\/index.php\/bundesjugendschreiben\/info-bjs\/","name":"Was ist das Bundesjugendschreiben? - BJCKM","isPartOf":{"@id":"https:\/\/www.bjckm.de\/#website"},"datePublished":"2019-08-22T22:32:14+00:00","dateModified":"2024-01-09T20:13:29+00:00","breadcrumb":{"@id":"https:\/\/www.bjckm.de\/index.php\/bundesjugendschreiben\/info-bjs\/#breadcrumb"},"inLanguage":"de","potentialAction":[{"@type":"ReadAction","target":["https:\/\/www.bjckm.de\/index.php\/bundesjugendschreiben\/info-bjs\/"]}]},{"@type":"BreadcrumbList","@id":"https:\/\/www.bjckm.de\/index.php\/bundesjugendschreiben\/info-bjs\/#breadcrumb","itemListElement":[{"@type":"ListItem","position":1,"name":"Startseite","item":"https:\/\/www.bjckm.de\/"},{"@type":"ListItem","position":2,"name":"Bundesjugendschreiben","item":"https:\/\/www.bjckm.de\/index.php\/bundesjugendschreiben\/"},{"@type":"ListItem","position":3,"name":"Was ist das Bundesjugendschreiben?"}]},{"@type":"WebSite","@id":"https:\/\/www.bjckm.de\/#website","url":"https:\/\/www.bjckm.de\/","name":"BJCKM","description":"Bundesjugend f\u00fcr Computer, Kurzschrift und Medien","publisher":{"@id":"https:\/\/www.bjckm.de\/#organization"},"potentialAction":[{"@type":"SearchAction","target":{"@type":"EntryPoint","urlTemplate":"https:\/\/www.bjckm.de\/?s={search_term_string}"},"query-input":{"@type":"PropertyValueSpecification","valueRequired":true,"valueName":"search_term_string"}}],"inLanguage":"de"},{"@type":"Organization","@id":"https:\/\/www.bjckm.de\/#organization","name":"Bundesjugend f\u00fcr Computer, Kurzschrift und Medien","url":"https:\/\/www.bjckm.de\/","logo":{"@type":"ImageObject","inLanguage":"de","@id":"https:\/\/www.bjckm.de\/#\/schema\/logo\/image\/","url":"https:\/\/www.bjckm.de\/wp-content\/uploads\/2019\/10\/cropped-logo_bjckm_farbe_text_12000x3375-e1571842379885.png","contentUrl":"https:\/\/www.bjckm.de\/wp-content\/uploads\/2019\/10\/cropped-logo_bjckm_farbe_text_12000x3375-e1571842379885.png","width":583,"height":115,"caption":"Bundesjugend f\u00fcr Computer, Kurzschrift und Medien"},"image":{"@id":"https:\/\/www.bjckm.de\/#\/schema\/logo\/image\/"},"sameAs":["https:\/\/www.facebook.com\/bjckm","https:\/\/x.com\/bjckm_steno","https:\/\/www.instagram.com\/bjckm19"]}]}},"_links":{"self":[{"href":"https:\/\/www.bjckm.de\/index.php\/wp-json\/wp\/v2\/pages\/59","targetHints":{"allow":["GET"]}}],"collection":[{"href":"https:\/\/www.bjckm.de\/index.php\/wp-json\/wp\/v2\/pages"}],"about":[{"href":"https:\/\/www.bjckm.de\/index.php\/wp-json\/wp\/v2\/types\/page"}],"author":[{"embeddable":true,"href":"https:\/\/www.bjckm.de\/index.php\/wp-json\/wp\/v2\/users\/2"}],"replies":[{"embeddable":true,"href":"https:\/\/www.bjckm.de\/index.php\/wp-json\/wp\/v2\/comments?post=59"}],"version-history":[{"count":11,"href":"https:\/\/www.bjckm.de\/index.php\/wp-json\/wp\/v2\/pages\/59\/revisions"}],"predecessor-version":[{"id":1742,"href":"https:\/\/www.bjckm.de\/index.php\/wp-json\/wp\/v2\/pages\/59\/revisions\/1742"}],"up":[{"embeddable":true,"href":"https:\/\/www.bjckm.de\/index.php\/wp-json\/wp\/v2\/pages\/30"}],"wp:attachment":[{"href":"https:\/\/www.bjckm.de\/index.php\/wp-json\/wp\/v2\/media?parent=59"}],"curies":[{"name":"wp","href":"https:\/\/api.w.org\/{rel}","templated":true}]}}