{"id":7,"date":"2019-06-11T12:25:21","date_gmt":"2019-06-11T10:25:21","guid":{"rendered":"http:\/\/www.schuelerleistungsschreiben.de\/?page_id=7"},"modified":"2026-02-21T16:54:40","modified_gmt":"2026-02-21T15:54:40","slug":"impressum","status":"publish","type":"page","link":"https:\/\/www.bjckm.de\/index.php\/impressum\/","title":{"rendered":"Impressum"},"content":{"rendered":"<h3>Diensteanbieter<\/h3>\n<p>Bundesjugend f\u00fcr Computer, Kurzschrift und Medien<br \/>\nim Deutschen Stenografenbund E. V.<\/p>\n<p>Hildebrandstra\u00dfe 11<br \/>\n44319 Dortmund<\/p>\n<h3>Kontaktm\u00f6glichkeiten<\/h3>\n<p>E-Mail-Adresse: <a href=\"mailto:info@bjckm.de\">info@bjckm.de<\/a><\/p>\n<p>Telefon: 0231 13767973<br \/>\nFax: 0231 149394<\/p>\n<p>Kontaktformular: <a href=\"https:\/\/www.bjckm.de\/index.php\/kontakt\/\">https:\/\/www.bjckm.de\/index.php\/kontakt\/<\/a><\/p>\n<h3>Vertretungsberechtigte Personen<\/h3>\n<p>Vertretungsberechtigt:<br \/>\nZoe Maria Grendel (Bundesjungendleiterin)<br \/>\nLarissa Sch\u00e4fer (Stellv. Bundesjugendleiterin)<br \/>\nJustin Ulke (Stellv. Bundesjugendleiter)<br \/>\nMiro Hoogland (Bundesjugendrechner)<br \/>\nBenjamin Bialetzki (Leiter Gesch\u00e4ftsstelle)<\/p>\n<h3>Journalistisch-redaktionelle Angebote<\/h3>\n<p>Inhaltlich verantwortlich:<br \/>\nZoe Maria Grendel (Bundesjugendleiterin)<\/p>\n<h3>Social Media und andere Onlinepr\u00e4senzen<\/h3>\n<p>Dieses Impressum gilt auch f\u00fcr die folgenden Social-Media-Pr\u00e4senzen und Onlineprofile:<\/p>\n<p>https:\/\/www.facebook.com\/BJCKM<br \/>\nhttps:\/\/www.instagram.com\/bjckm.de<br \/>\nhttps:\/\/linktr.ee\/bjckm<\/p>\n<h3>Haftungs- und Schutzrechtshinweise<\/h3>\n<p><strong>Haftungsausschluss:<\/strong> Die Inhalte dieses Onlineangebotes wurden sorgf\u00e4ltig und nach unserem aktuellen Kenntnisstand erstellt, dienen jedoch nur der Information und entfalten keine rechtlich bindende Wirkung, sofern es sich nicht um gesetzlich verpflichtende Informationen (z.\u00a0B. das Impressum, die Datenschutzerkl\u00e4rung, AGB oder verpflichtende Belehrungen von Verbrauchern) handelt. Wir behalten uns vor, die Inhalte vollst\u00e4ndig oder teilweise zu \u00e4ndern oder zu l\u00f6schen, soweit vertragliche Verpflichtungen unber\u00fchrt bleiben. Alle Angebote sind freibleibend und unverbindlich.<\/p>\n<p><strong>Links auf fremde Webseiten:<\/strong> Die Inhalte fremder Webseiten, auf die wir direkt oder indirekt verweisen, liegen au\u00dferhalb unseres Verantwortungsbereiches und wir machen sie uns nicht zu Eigen. F\u00fcr alle Inhalte und Nachteile, die aus der Nutzung der in den verlinkten Webseiten aufrufbaren Informationen entstehen, \u00fcbernehmen wir keine Verantwortung.<\/p>\n<p><strong>Urheberrechte und Markenrechte:<\/strong> Alle auf dieser Website dargestellten Inhalte, wie Texte, Fotografien, Grafiken, Marken und Warenzeichen sind durch die jeweiligen Schutzrechte (Urheberrechte, Markenrechte) gesch\u00fctzt. Die Verwendung, Vervielf\u00e4ltigung usw. unterliegen unseren Rechten oder den Rechten der jeweiligen Urheber bzw. Rechteinhaber.<\/p>\n<p><strong>Hinweise auf Rechtsverst\u00f6\u00dfe:<\/strong> Sollten Sie innerhalb unseres Internetauftritts Rechtsverst\u00f6\u00dfe bemerken, bitten wir Sie uns auf diese hinzuweisen. Wir werden rechtswidrige Inhalte und Links nach Kenntnisnahme unverz\u00fcglich entfernen.<\/p>\n<p><a href=\"https:\/\/datenschutz-generator.de\/\">Erstellt mit dem Datenschutz-Generator.de von Dr. Thomas Schwenke<\/a><\/p>\n","protected":false},"excerpt":{"rendered":"<p>Diensteanbieter Bundesjugend f\u00fcr Computer, Kurzschrift und Medien im Deutschen Stenografenbund E. V. Hildebrandstra\u00dfe 11 44319 Dortmund Kontaktm\u00f6glichkeiten E-Mail-Adresse: info@bjckm.de Telefon: 0231 13767973 Fax: 0231 149394 Kontaktformular: https:\/\/www.bjckm.de\/index.php\/kontakt\/ Vertretungsberechtigte Personen Vertretungsberechtigt: Zoe Maria Grendel (Bundesjungendleiterin) Larissa Sch\u00e4fer (Stellv. Bundesjugendleiterin) Justin Ulke (Stellv. Bundesjugendleiter) Miro Hoogland (Bundesjugendrechner) Benjamin Bialetzki (Leiter Gesch\u00e4ftsstelle) Journalistisch-redaktionelle Angebote Inhaltlich verantwortlich: Zoe Maria Grendel (Bundesjugendleiterin) Social Media und<\/p>\n","protected":false},"author":1,"featured_media":0,"parent":0,"menu_order":0,"comment_status":"closed","ping_status":"closed","template":"","meta":{"footnotes":""},"class_list":["post-7","page","type-page","status-publish","hentry","","tg-column-two"],"yoast_head":"<!-- This site is optimized with the Yoast SEO plugin v27.4 - https:\/\/yoast.com\/product\/yoast-seo-wordpress\/ -->\n<title>Impressum - BJCKM<\/title>\n<meta name=\"robots\" content=\"index, follow, max-snippet:-1, max-image-preview:large, max-video-preview:-1\" \/>\n<link rel=\"canonical\" href=\"https:\/\/www.bjckm.de\/index.php\/impressum\/\" \/>\n<meta property=\"og:locale\" content=\"de_DE\" \/>\n<meta property=\"og:type\" content=\"article\" \/>\n<meta property=\"og:title\" content=\"Impressum - BJCKM\" \/>\n<meta property=\"og:description\" content=\"Diensteanbieter Bundesjugend f\u00fcr Computer, Kurzschrift und Medien im Deutschen Stenografenbund E. V. Hildebrandstra\u00dfe 11 44319 Dortmund Kontaktm\u00f6glichkeiten E-Mail-Adresse: info@bjckm.de Telefon: 0231 13767973 Fax: 0231 149394 Kontaktformular: https:\/\/www.bjckm.de\/index.php\/kontakt\/ Vertretungsberechtigte Personen Vertretungsberechtigt: Zoe Maria Grendel (Bundesjungendleiterin) Larissa Sch\u00e4fer (Stellv. Bundesjugendleiterin) Justin Ulke (Stellv. Bundesjugendleiter) Miro Hoogland (Bundesjugendrechner) Benjamin Bialetzki (Leiter Gesch\u00e4ftsstelle) Journalistisch-redaktionelle Angebote Inhaltlich verantwortlich: Zoe Maria Grendel (Bundesjugendleiterin) Social Media und\" \/>\n<meta property=\"og:url\" content=\"https:\/\/www.bjckm.de\/index.php\/impressum\/\" \/>\n<meta property=\"og:site_name\" content=\"BJCKM\" \/>\n<meta property=\"article:publisher\" content=\"https:\/\/www.facebook.com\/bjckm\" \/>\n<meta property=\"article:modified_time\" content=\"2026-02-21T15:54:40+00:00\" \/>\n<meta name=\"twitter:card\" content=\"summary_large_image\" \/>\n<meta name=\"twitter:site\" content=\"@bjckm_steno\" \/>\n<meta name=\"twitter:label1\" content=\"Gesch\u00e4tzte Lesezeit\" \/>\n\t<meta name=\"twitter:data1\" content=\"2\u00a0Minuten\" \/>\n<script type=\"application\/ld+json\" class=\"yoast-schema-graph\">{\"@context\":\"https:\\\/\\\/schema.org\",\"@graph\":[{\"@type\":\"WebPage\",\"@id\":\"https:\\\/\\\/www.bjckm.de\\\/index.php\\\/impressum\\\/\",\"url\":\"https:\\\/\\\/www.bjckm.de\\\/index.php\\\/impressum\\\/\",\"name\":\"Impressum - BJCKM\",\"isPartOf\":{\"@id\":\"https:\\\/\\\/www.bjckm.de\\\/#website\"},\"datePublished\":\"2019-06-11T10:25:21+00:00\",\"dateModified\":\"2026-02-21T15:54:40+00:00\",\"breadcrumb\":{\"@id\":\"https:\\\/\\\/www.bjckm.de\\\/index.php\\\/impressum\\\/#breadcrumb\"},\"inLanguage\":\"de\",\"potentialAction\":[{\"@type\":\"ReadAction\",\"target\":[\"https:\\\/\\\/www.bjckm.de\\\/index.php\\\/impressum\\\/\"]}]},{\"@type\":\"BreadcrumbList\",\"@id\":\"https:\\\/\\\/www.bjckm.de\\\/index.php\\\/impressum\\\/#breadcrumb\",\"itemListElement\":[{\"@type\":\"ListItem\",\"position\":1,\"name\":\"Startseite\",\"item\":\"https:\\\/\\\/www.bjckm.de\\\/\"},{\"@type\":\"ListItem\",\"position\":2,\"name\":\"Impressum\"}]},{\"@type\":\"WebSite\",\"@id\":\"https:\\\/\\\/www.bjckm.de\\\/#website\",\"url\":\"https:\\\/\\\/www.bjckm.de\\\/\",\"name\":\"BJCKM\",\"description\":\"Bundesjugend f\u00fcr Computer, Kurzschrift und Medien\",\"publisher\":{\"@id\":\"https:\\\/\\\/www.bjckm.de\\\/#organization\"},\"potentialAction\":[{\"@type\":\"SearchAction\",\"target\":{\"@type\":\"EntryPoint\",\"urlTemplate\":\"https:\\\/\\\/www.bjckm.de\\\/?s={search_term_string}\"},\"query-input\":{\"@type\":\"PropertyValueSpecification\",\"valueRequired\":true,\"valueName\":\"search_term_string\"}}],\"inLanguage\":\"de\"},{\"@type\":\"Organization\",\"@id\":\"https:\\\/\\\/www.bjckm.de\\\/#organization\",\"name\":\"Bundesjugend f\u00fcr Computer, Kurzschrift und Medien\",\"url\":\"https:\\\/\\\/www.bjckm.de\\\/\",\"logo\":{\"@type\":\"ImageObject\",\"inLanguage\":\"de\",\"@id\":\"https:\\\/\\\/www.bjckm.de\\\/#\\\/schema\\\/logo\\\/image\\\/\",\"url\":\"https:\\\/\\\/www.bjckm.de\\\/wp-content\\\/uploads\\\/2019\\\/10\\\/cropped-logo_bjckm_farbe_text_12000x3375-e1571842379885.png\",\"contentUrl\":\"https:\\\/\\\/www.bjckm.de\\\/wp-content\\\/uploads\\\/2019\\\/10\\\/cropped-logo_bjckm_farbe_text_12000x3375-e1571842379885.png\",\"width\":583,\"height\":115,\"caption\":\"Bundesjugend f\u00fcr Computer, Kurzschrift und Medien\"},\"image\":{\"@id\":\"https:\\\/\\\/www.bjckm.de\\\/#\\\/schema\\\/logo\\\/image\\\/\"},\"sameAs\":[\"https:\\\/\\\/www.facebook.com\\\/bjckm\",\"https:\\\/\\\/x.com\\\/bjckm_steno\",\"https:\\\/\\\/www.instagram.com\\\/bjckm19\"]}]}<\/script>\n<!-- \/ Yoast SEO plugin. -->","yoast_head_json":{"title":"Impressum - BJCKM","robots":{"index":"index","follow":"follow","max-snippet":"max-snippet:-1","max-image-preview":"max-image-preview:large","max-video-preview":"max-video-preview:-1"},"canonical":"https:\/\/www.bjckm.de\/index.php\/impressum\/","og_locale":"de_DE","og_type":"article","og_title":"Impressum - BJCKM","og_description":"Diensteanbieter Bundesjugend f\u00fcr Computer, Kurzschrift und Medien im Deutschen Stenografenbund E. V. Hildebrandstra\u00dfe 11 44319 Dortmund Kontaktm\u00f6glichkeiten E-Mail-Adresse: info@bjckm.de Telefon: 0231 13767973 Fax: 0231 149394 Kontaktformular: https:\/\/www.bjckm.de\/index.php\/kontakt\/ Vertretungsberechtigte Personen Vertretungsberechtigt: Zoe Maria Grendel (Bundesjungendleiterin) Larissa Sch\u00e4fer (Stellv. Bundesjugendleiterin) Justin Ulke (Stellv. Bundesjugendleiter) Miro Hoogland (Bundesjugendrechner) Benjamin Bialetzki (Leiter Gesch\u00e4ftsstelle) Journalistisch-redaktionelle Angebote Inhaltlich verantwortlich: Zoe Maria Grendel (Bundesjugendleiterin) Social Media und","og_url":"https:\/\/www.bjckm.de\/index.php\/impressum\/","og_site_name":"BJCKM","article_publisher":"https:\/\/www.facebook.com\/bjckm","article_modified_time":"2026-02-21T15:54:40+00:00","twitter_card":"summary_large_image","twitter_site":"@bjckm_steno","twitter_misc":{"Gesch\u00e4tzte Lesezeit":"2\u00a0Minuten"},"schema":{"@context":"https:\/\/schema.org","@graph":[{"@type":"WebPage","@id":"https:\/\/www.bjckm.de\/index.php\/impressum\/","url":"https:\/\/www.bjckm.de\/index.php\/impressum\/","name":"Impressum - BJCKM","isPartOf":{"@id":"https:\/\/www.bjckm.de\/#website"},"datePublished":"2019-06-11T10:25:21+00:00","dateModified":"2026-02-21T15:54:40+00:00","breadcrumb":{"@id":"https:\/\/www.bjckm.de\/index.php\/impressum\/#breadcrumb"},"inLanguage":"de","potentialAction":[{"@type":"ReadAction","target":["https:\/\/www.bjckm.de\/index.php\/impressum\/"]}]},{"@type":"BreadcrumbList","@id":"https:\/\/www.bjckm.de\/index.php\/impressum\/#breadcrumb","itemListElement":[{"@type":"ListItem","position":1,"name":"Startseite","item":"https:\/\/www.bjckm.de\/"},{"@type":"ListItem","position":2,"name":"Impressum"}]},{"@type":"WebSite","@id":"https:\/\/www.bjckm.de\/#website","url":"https:\/\/www.bjckm.de\/","name":"BJCKM","description":"Bundesjugend f\u00fcr Computer, Kurzschrift und Medien","publisher":{"@id":"https:\/\/www.bjckm.de\/#organization"},"potentialAction":[{"@type":"SearchAction","target":{"@type":"EntryPoint","urlTemplate":"https:\/\/www.bjckm.de\/?s={search_term_string}"},"query-input":{"@type":"PropertyValueSpecification","valueRequired":true,"valueName":"search_term_string"}}],"inLanguage":"de"},{"@type":"Organization","@id":"https:\/\/www.bjckm.de\/#organization","name":"Bundesjugend f\u00fcr Computer, Kurzschrift und Medien","url":"https:\/\/www.bjckm.de\/","logo":{"@type":"ImageObject","inLanguage":"de","@id":"https:\/\/www.bjckm.de\/#\/schema\/logo\/image\/","url":"https:\/\/www.bjckm.de\/wp-content\/uploads\/2019\/10\/cropped-logo_bjckm_farbe_text_12000x3375-e1571842379885.png","contentUrl":"https:\/\/www.bjckm.de\/wp-content\/uploads\/2019\/10\/cropped-logo_bjckm_farbe_text_12000x3375-e1571842379885.png","width":583,"height":115,"caption":"Bundesjugend f\u00fcr Computer, Kurzschrift und Medien"},"image":{"@id":"https:\/\/www.bjckm.de\/#\/schema\/logo\/image\/"},"sameAs":["https:\/\/www.facebook.com\/bjckm","https:\/\/x.com\/bjckm_steno","https:\/\/www.instagram.com\/bjckm19"]}]}},"_links":{"self":[{"href":"https:\/\/www.bjckm.de\/index.php\/wp-json\/wp\/v2\/pages\/7","targetHints":{"allow":["GET"]}}],"collection":[{"href":"https:\/\/www.bjckm.de\/index.php\/wp-json\/wp\/v2\/pages"}],"about":[{"href":"https:\/\/www.bjckm.de\/index.php\/wp-json\/wp\/v2\/types\/page"}],"author":[{"embeddable":true,"href":"https:\/\/www.bjckm.de\/index.php\/wp-json\/wp\/v2\/users\/1"}],"replies":[{"embeddable":true,"href":"https:\/\/www.bjckm.de\/index.php\/wp-json\/wp\/v2\/comments?post=7"}],"version-history":[{"count":11,"href":"https:\/\/www.bjckm.de\/index.php\/wp-json\/wp\/v2\/pages\/7\/revisions"}],"predecessor-version":[{"id":2438,"href":"https:\/\/www.bjckm.de\/index.php\/wp-json\/wp\/v2\/pages\/7\/revisions\/2438"}],"wp:attachment":[{"href":"https:\/\/www.bjckm.de\/index.php\/wp-json\/wp\/v2\/media?parent=7"}],"curies":[{"name":"wp","href":"https:\/\/api.w.org\/{rel}","templated":true}]}}