{"id":83,"date":"2019-08-23T18:04:30","date_gmt":"2019-08-23T16:04:30","guid":{"rendered":"http:\/\/www.schuelerleistungsschreiben.de\/?page_id=83"},"modified":"2020-01-14T03:13:44","modified_gmt":"2020-01-14T02:13:44","slug":"steno","status":"publish","type":"page","link":"https:\/\/www.bjckm.de\/index.php\/bundesjugendschreiben\/info-bjs\/steno\/","title":{"rendered":"Wettbewerb Kurzschrift\/Stenografie"},"content":{"rendered":"<h5>Gibt es Unterscheidungen in diesem Wettbewerb?<\/h5>\n<blockquote><p><span style=\"font-family: Roboto, non-serif; font-size: 12pt;\">In der Disziplin Stenografie gibt es verschiedene Stufen. Zum einen gibt es die gleichbleibenden Ansagen in den Geschwindigkeit von 40, 60 oder 80 Silben pro Minute. Zum anderen gibt es die steigenden Ansagen in den Klassen Grundklasse, Praktikerklasse I und Praktikerklasse II.<\/span><\/p><\/blockquote>\n<h5>Was ist eine Ansage?<\/h5>\n<blockquote><p><span style=\"font-family: Roboto, non-serif; font-size: 12pt;\">Bei den gleichbleibenden Ansagen wird ein f\u00fcnfmin\u00fctiger Text diktiert, der in Stenografie mitgeschrieben wird. Nach der Ansage erfolgt die \u00dcbertragung in \u201eLangschrift\u201c \u2013 sprich unserer eigentlichen Schreibschrift. Bei den Steigerungsansagen erfolgt ein Diktat von acht Minuten (Grundklasse und Praktikerklasse I) bzw. zehn Minuten (Praktikerklasse II). Nach diesem Diktat und der Mitschrift in Stenografie erfolgt ebenfalls die \u00dcbertragung in die Schreibschrift.<\/span><\/p><\/blockquote>\n<h5>Was ist der Unterschied zwischen den Ansagen?<\/h5>\n<blockquote><p><span style=\"font-family: Roboto, non-serif; font-size: 12pt;\">Bei der gleichbleibenden Ansage bleibt die Geschwindigkeit \u00fcber die gesamte Zeit hinweg gleich. Beispiel: Bei der Ansage in 60 Silben pro Minute werden \u00fcber die gesamten f\u00fcnf Minuten 60 Silben pro Minute diktiert. Bei den Steigerungsansagen steigt die Geschwindigkeit je Minute. In der Grundklasse steigt die Geschwindigkeit um zehn Silben je Minute von 60 auf 130 Silben pro Minute. In der Praktikerklasse I um 15 Silben je Minute von 100 auf 205 Silben pro Minute. Und in der Praktikerklasse II um 20 Silben je Minute von 160 auf 340 Silben pro Minute.<\/span><\/p><\/blockquote>\n<h5>Wie bestehe ich?<\/h5>\n<blockquote><p><span style=\"font-family: Roboto, non-serif; font-size: 12pt;\">Um im Wettbewerb zu bestehen, m\u00fcssen drei Minuten \u00fcbertragen werden und in der vorgesehenen Fehlerzahl liegen. F\u00fcr die genaue Bewertung steht die Wettschreibordnung zur Verf\u00fcgung. Je mehr man \u00fcbertragt, desto besser. Beispiel in der Praktikerklasse I: Die erste Minute wird in der Geschwindigkeit von 100 Silben pro Minute diktiert, die zweite in 115 und die dritte in 130. Diese drei Minuten m\u00fcssen \u00fcbertragen werden, um in der Praktikerklasse I bestanden zu haben.<\/span><\/p><\/blockquote>\n<h5>Aber warum lohnt es sich \u00fcberhaupt Stenografie zu machen bzw. zun\u00e4chst zu erlernen?<\/h5>\n<blockquote><p><span style=\"font-family: Roboto, non-serif; font-size: 12pt;\">Das ist ganz einfach: Die meisten Personen in eurem Umfeld k\u00f6nnen es nicht lesen. Das hei\u00dft, auch wenn man einmal seine Notizen verliert, kann es kaum jemand lesen. Aber das ist nicht dereinzige Grund, denn es macht auch einfach Spa\u00df etwas zu k\u00f6nnen, was nicht jeder kann.<\/span><\/p><\/blockquote>\n","protected":false},"excerpt":{"rendered":"<p>Gibt es Unterscheidungen in diesem Wettbewerb? In der Disziplin Stenografie gibt es verschiedene Stufen. Zum einen gibt es die gleichbleibenden Ansagen in den Geschwindigkeit von 40, 60 oder 80 Silben pro Minute. Zum anderen gibt es die steigenden Ansagen in den Klassen Grundklasse, Praktikerklasse I und Praktikerklasse II. Was ist eine Ansage? Bei den gleichbleibenden Ansagen wird ein f\u00fcnfmin\u00fctiger Text<\/p>\n","protected":false},"author":2,"featured_media":0,"parent":59,"menu_order":3,"comment_status":"closed","ping_status":"closed","template":"","meta":{"footnotes":""},"class_list":["post-83","page","type-page","status-publish","hentry","","tg-column-two"],"yoast_head":"<!-- This site is optimized with the Yoast SEO plugin v27.4 - https:\/\/yoast.com\/product\/yoast-seo-wordpress\/ -->\n<title>Wettbewerb Kurzschrift\/Stenografie - BJCKM<\/title>\n<meta name=\"robots\" content=\"index, follow, max-snippet:-1, max-image-preview:large, max-video-preview:-1\" \/>\n<link rel=\"canonical\" href=\"https:\/\/www.bjckm.de\/index.php\/bundesjugendschreiben\/info-bjs\/steno\/\" \/>\n<meta property=\"og:locale\" content=\"de_DE\" \/>\n<meta property=\"og:type\" content=\"article\" \/>\n<meta property=\"og:title\" content=\"Wettbewerb Kurzschrift\/Stenografie - BJCKM\" \/>\n<meta property=\"og:description\" content=\"Gibt es Unterscheidungen in diesem Wettbewerb? In der Disziplin Stenografie gibt es verschiedene Stufen. Zum einen gibt es die gleichbleibenden Ansagen in den Geschwindigkeit von 40, 60 oder 80 Silben pro Minute. Zum anderen gibt es die steigenden Ansagen in den Klassen Grundklasse, Praktikerklasse I und Praktikerklasse II. Was ist eine Ansage? Bei den gleichbleibenden Ansagen wird ein f\u00fcnfmin\u00fctiger Text\" \/>\n<meta property=\"og:url\" content=\"https:\/\/www.bjckm.de\/index.php\/bundesjugendschreiben\/info-bjs\/steno\/\" \/>\n<meta property=\"og:site_name\" content=\"BJCKM\" \/>\n<meta property=\"article:publisher\" content=\"https:\/\/www.facebook.com\/bjckm\" \/>\n<meta property=\"article:modified_time\" content=\"2020-01-14T02:13:44+00:00\" \/>\n<meta name=\"twitter:card\" content=\"summary_large_image\" \/>\n<meta name=\"twitter:site\" content=\"@bjckm_steno\" \/>\n<meta name=\"twitter:label1\" content=\"Gesch\u00e4tzte Lesezeit\" \/>\n\t<meta name=\"twitter:data1\" content=\"2\u00a0Minuten\" \/>\n<script type=\"application\/ld+json\" class=\"yoast-schema-graph\">{\"@context\":\"https:\\\/\\\/schema.org\",\"@graph\":[{\"@type\":\"WebPage\",\"@id\":\"https:\\\/\\\/www.bjckm.de\\\/index.php\\\/bundesjugendschreiben\\\/info-bjs\\\/steno\\\/\",\"url\":\"https:\\\/\\\/www.bjckm.de\\\/index.php\\\/bundesjugendschreiben\\\/info-bjs\\\/steno\\\/\",\"name\":\"Wettbewerb Kurzschrift\\\/Stenografie - BJCKM\",\"isPartOf\":{\"@id\":\"https:\\\/\\\/www.bjckm.de\\\/#website\"},\"datePublished\":\"2019-08-23T16:04:30+00:00\",\"dateModified\":\"2020-01-14T02:13:44+00:00\",\"breadcrumb\":{\"@id\":\"https:\\\/\\\/www.bjckm.de\\\/index.php\\\/bundesjugendschreiben\\\/info-bjs\\\/steno\\\/#breadcrumb\"},\"inLanguage\":\"de\",\"potentialAction\":[{\"@type\":\"ReadAction\",\"target\":[\"https:\\\/\\\/www.bjckm.de\\\/index.php\\\/bundesjugendschreiben\\\/info-bjs\\\/steno\\\/\"]}]},{\"@type\":\"BreadcrumbList\",\"@id\":\"https:\\\/\\\/www.bjckm.de\\\/index.php\\\/bundesjugendschreiben\\\/info-bjs\\\/steno\\\/#breadcrumb\",\"itemListElement\":[{\"@type\":\"ListItem\",\"position\":1,\"name\":\"Startseite\",\"item\":\"https:\\\/\\\/www.bjckm.de\\\/\"},{\"@type\":\"ListItem\",\"position\":2,\"name\":\"Bundesjugendschreiben\",\"item\":\"https:\\\/\\\/www.bjckm.de\\\/index.php\\\/bundesjugendschreiben\\\/\"},{\"@type\":\"ListItem\",\"position\":3,\"name\":\"Was ist das Bundesjugendschreiben?\",\"item\":\"https:\\\/\\\/www.bjckm.de\\\/index.php\\\/bundesjugendschreiben\\\/info-bjs\\\/\"},{\"@type\":\"ListItem\",\"position\":4,\"name\":\"Wettbewerb Kurzschrift\\\/Stenografie\"}]},{\"@type\":\"WebSite\",\"@id\":\"https:\\\/\\\/www.bjckm.de\\\/#website\",\"url\":\"https:\\\/\\\/www.bjckm.de\\\/\",\"name\":\"BJCKM\",\"description\":\"Bundesjugend f\u00fcr Computer, Kurzschrift und Medien\",\"publisher\":{\"@id\":\"https:\\\/\\\/www.bjckm.de\\\/#organization\"},\"potentialAction\":[{\"@type\":\"SearchAction\",\"target\":{\"@type\":\"EntryPoint\",\"urlTemplate\":\"https:\\\/\\\/www.bjckm.de\\\/?s={search_term_string}\"},\"query-input\":{\"@type\":\"PropertyValueSpecification\",\"valueRequired\":true,\"valueName\":\"search_term_string\"}}],\"inLanguage\":\"de\"},{\"@type\":\"Organization\",\"@id\":\"https:\\\/\\\/www.bjckm.de\\\/#organization\",\"name\":\"Bundesjugend f\u00fcr Computer, Kurzschrift und Medien\",\"url\":\"https:\\\/\\\/www.bjckm.de\\\/\",\"logo\":{\"@type\":\"ImageObject\",\"inLanguage\":\"de\",\"@id\":\"https:\\\/\\\/www.bjckm.de\\\/#\\\/schema\\\/logo\\\/image\\\/\",\"url\":\"https:\\\/\\\/www.bjckm.de\\\/wp-content\\\/uploads\\\/2019\\\/10\\\/cropped-logo_bjckm_farbe_text_12000x3375-e1571842379885.png\",\"contentUrl\":\"https:\\\/\\\/www.bjckm.de\\\/wp-content\\\/uploads\\\/2019\\\/10\\\/cropped-logo_bjckm_farbe_text_12000x3375-e1571842379885.png\",\"width\":583,\"height\":115,\"caption\":\"Bundesjugend f\u00fcr Computer, Kurzschrift und Medien\"},\"image\":{\"@id\":\"https:\\\/\\\/www.bjckm.de\\\/#\\\/schema\\\/logo\\\/image\\\/\"},\"sameAs\":[\"https:\\\/\\\/www.facebook.com\\\/bjckm\",\"https:\\\/\\\/x.com\\\/bjckm_steno\",\"https:\\\/\\\/www.instagram.com\\\/bjckm19\"]}]}<\/script>\n<!-- \/ Yoast SEO plugin. -->","yoast_head_json":{"title":"Wettbewerb Kurzschrift\/Stenografie - BJCKM","robots":{"index":"index","follow":"follow","max-snippet":"max-snippet:-1","max-image-preview":"max-image-preview:large","max-video-preview":"max-video-preview:-1"},"canonical":"https:\/\/www.bjckm.de\/index.php\/bundesjugendschreiben\/info-bjs\/steno\/","og_locale":"de_DE","og_type":"article","og_title":"Wettbewerb Kurzschrift\/Stenografie - BJCKM","og_description":"Gibt es Unterscheidungen in diesem Wettbewerb? In der Disziplin Stenografie gibt es verschiedene Stufen. Zum einen gibt es die gleichbleibenden Ansagen in den Geschwindigkeit von 40, 60 oder 80 Silben pro Minute. Zum anderen gibt es die steigenden Ansagen in den Klassen Grundklasse, Praktikerklasse I und Praktikerklasse II. Was ist eine Ansage? Bei den gleichbleibenden Ansagen wird ein f\u00fcnfmin\u00fctiger Text","og_url":"https:\/\/www.bjckm.de\/index.php\/bundesjugendschreiben\/info-bjs\/steno\/","og_site_name":"BJCKM","article_publisher":"https:\/\/www.facebook.com\/bjckm","article_modified_time":"2020-01-14T02:13:44+00:00","twitter_card":"summary_large_image","twitter_site":"@bjckm_steno","twitter_misc":{"Gesch\u00e4tzte Lesezeit":"2\u00a0Minuten"},"schema":{"@context":"https:\/\/schema.org","@graph":[{"@type":"WebPage","@id":"https:\/\/www.bjckm.de\/index.php\/bundesjugendschreiben\/info-bjs\/steno\/","url":"https:\/\/www.bjckm.de\/index.php\/bundesjugendschreiben\/info-bjs\/steno\/","name":"Wettbewerb Kurzschrift\/Stenografie - BJCKM","isPartOf":{"@id":"https:\/\/www.bjckm.de\/#website"},"datePublished":"2019-08-23T16:04:30+00:00","dateModified":"2020-01-14T02:13:44+00:00","breadcrumb":{"@id":"https:\/\/www.bjckm.de\/index.php\/bundesjugendschreiben\/info-bjs\/steno\/#breadcrumb"},"inLanguage":"de","potentialAction":[{"@type":"ReadAction","target":["https:\/\/www.bjckm.de\/index.php\/bundesjugendschreiben\/info-bjs\/steno\/"]}]},{"@type":"BreadcrumbList","@id":"https:\/\/www.bjckm.de\/index.php\/bundesjugendschreiben\/info-bjs\/steno\/#breadcrumb","itemListElement":[{"@type":"ListItem","position":1,"name":"Startseite","item":"https:\/\/www.bjckm.de\/"},{"@type":"ListItem","position":2,"name":"Bundesjugendschreiben","item":"https:\/\/www.bjckm.de\/index.php\/bundesjugendschreiben\/"},{"@type":"ListItem","position":3,"name":"Was ist das Bundesjugendschreiben?","item":"https:\/\/www.bjckm.de\/index.php\/bundesjugendschreiben\/info-bjs\/"},{"@type":"ListItem","position":4,"name":"Wettbewerb Kurzschrift\/Stenografie"}]},{"@type":"WebSite","@id":"https:\/\/www.bjckm.de\/#website","url":"https:\/\/www.bjckm.de\/","name":"BJCKM","description":"Bundesjugend f\u00fcr Computer, Kurzschrift und Medien","publisher":{"@id":"https:\/\/www.bjckm.de\/#organization"},"potentialAction":[{"@type":"SearchAction","target":{"@type":"EntryPoint","urlTemplate":"https:\/\/www.bjckm.de\/?s={search_term_string}"},"query-input":{"@type":"PropertyValueSpecification","valueRequired":true,"valueName":"search_term_string"}}],"inLanguage":"de"},{"@type":"Organization","@id":"https:\/\/www.bjckm.de\/#organization","name":"Bundesjugend f\u00fcr Computer, Kurzschrift und Medien","url":"https:\/\/www.bjckm.de\/","logo":{"@type":"ImageObject","inLanguage":"de","@id":"https:\/\/www.bjckm.de\/#\/schema\/logo\/image\/","url":"https:\/\/www.bjckm.de\/wp-content\/uploads\/2019\/10\/cropped-logo_bjckm_farbe_text_12000x3375-e1571842379885.png","contentUrl":"https:\/\/www.bjckm.de\/wp-content\/uploads\/2019\/10\/cropped-logo_bjckm_farbe_text_12000x3375-e1571842379885.png","width":583,"height":115,"caption":"Bundesjugend f\u00fcr Computer, Kurzschrift und Medien"},"image":{"@id":"https:\/\/www.bjckm.de\/#\/schema\/logo\/image\/"},"sameAs":["https:\/\/www.facebook.com\/bjckm","https:\/\/x.com\/bjckm_steno","https:\/\/www.instagram.com\/bjckm19"]}]}},"_links":{"self":[{"href":"https:\/\/www.bjckm.de\/index.php\/wp-json\/wp\/v2\/pages\/83","targetHints":{"allow":["GET"]}}],"collection":[{"href":"https:\/\/www.bjckm.de\/index.php\/wp-json\/wp\/v2\/pages"}],"about":[{"href":"https:\/\/www.bjckm.de\/index.php\/wp-json\/wp\/v2\/types\/page"}],"author":[{"embeddable":true,"href":"https:\/\/www.bjckm.de\/index.php\/wp-json\/wp\/v2\/users\/2"}],"replies":[{"embeddable":true,"href":"https:\/\/www.bjckm.de\/index.php\/wp-json\/wp\/v2\/comments?post=83"}],"version-history":[{"count":2,"href":"https:\/\/www.bjckm.de\/index.php\/wp-json\/wp\/v2\/pages\/83\/revisions"}],"predecessor-version":[{"id":1169,"href":"https:\/\/www.bjckm.de\/index.php\/wp-json\/wp\/v2\/pages\/83\/revisions\/1169"}],"up":[{"embeddable":true,"href":"https:\/\/www.bjckm.de\/index.php\/wp-json\/wp\/v2\/pages\/59"}],"wp:attachment":[{"href":"https:\/\/www.bjckm.de\/index.php\/wp-json\/wp\/v2\/media?parent=83"}],"curies":[{"name":"wp","href":"https:\/\/api.w.org\/{rel}","templated":true}]}}