{"id":87,"date":"2019-08-23T18:11:41","date_gmt":"2019-08-23T16:11:41","guid":{"rendered":"http:\/\/www.schuelerleistungsschreiben.de\/?page_id=87"},"modified":"2024-01-09T17:02:12","modified_gmt":"2024-01-09T16:02:12","slug":"tabellenkalkulation","status":"publish","type":"page","link":"https:\/\/www.bjckm.de\/index.php\/bundesjugendschreiben\/info-bjs\/tabellenkalkulation\/","title":{"rendered":"Wettbewerb Tabellenkalkulation"},"content":{"rendered":"<h5>Was ist das besondere an Tabellenkalkulation?<\/h5>\n<blockquote><p><span style=\"font-family: Roboto, non-serif; font-size: 12pt;\">Das wirklich besondere an der Tabellenkalkulation ist, dass es nicht mit einem Textverarbeitungsprogramm wie <em>Word <\/em>durchgef\u00fchrt wird, sondern in einem Tabellenkalkulationsprogramm wie <em>Excel<\/em>. Es hat vordergr\u00fcndig somit nicht mit dem Erstellen eines Textes oder dem Bearbeiten zu tun, sondern nutzt die Funktionen von <em>Excel<\/em>.<\/span><\/p><\/blockquote>\n<h5>Was muss ich machen?<\/h5>\n<blockquote><p><span style=\"font-family: Roboto, non-serif; font-size: 12pt;\">Ihr erhaltet eine detaillierte Aufgabenstellung, nach der ihr versucht, die vorgeschriebenen Schritte zu bearbeiten, sowie teilweise vorgegebene <em>Excel<\/em>-Arbeitsbl\u00e4tter. Es geht um die Eingabe von Werten, die Berechnung von Summen, Verweisen auf weitere Tabellenbl\u00e4tter und viele andere M\u00f6glichkeiten in <em>Excel<\/em>.<\/span><\/p><\/blockquote>\n<h5>Was bedeutet Basis- und Bonusteil?<\/h5>\n<blockquote><p><span style=\"font-family: Roboto, non-serif; font-size: 12pt;\">Der Aufgabentext ist in einen Basis- und Bonusteil untergliedert. Das liegt an der Komplexit\u00e4t der Aufgaben. Im Basisteil geht es vermehrt um Grundfunktionen von <em>Excel<\/em>. Im Bonusteil hingegen werden vertiefte Kenntnisse ben\u00f6tigt, um die Aufgaben zu l\u00f6sen. Diese Untergliederung dient dazu, dass jeder eine Chance hat an diesem Wettbewerb teilzunehmen.<\/span><\/p><\/blockquote>\n<h5>Wie lange dauert der Wettbewerb?<\/h5>\n<blockquote><p><span style=\"font-family: Roboto, non-serif; font-size: 12pt;\">Ihr habt 20 Minuten Zeit, um so viele der vorgegebenen Aufgaben wie m\u00f6glich zu l\u00f6sen bzw. einzuarbeiten.<\/span><\/p><\/blockquote>\n<h5>Wie viele Punkte kann ich erreichen? Wie viele Punkte brauche ich, um zu bestehen?<\/h5>\n<blockquote><p><span style=\"font-family: Roboto, non-serif; font-size: 12pt;\">Die Aufgabe hat eine Mindestpunktzahl von 150. Je nach Schwierigkeitsgrad der Aufgaben k\u00f6nnen es aber auch mehr sein. So viele Punkte braucht ihr aber nicht, um zu bestehen. Um zu bestehen, m\u00fcsst ihr 20 Punkte im Basisteil erreicht haben. Es ist also auch nicht notwendig, dass ihr \u00fcberhaupt mit dem Bonusteil beginnt.<\/span><\/p><\/blockquote>\n<h5>Was passiert, wenn ich vor Ende der Zeit mit allen Aufgaben fertig sein sollte?<\/h5>\n<blockquote><p><span style=\"font-family: Roboto, non-serif; font-size: 12pt;\">Die Tabellenkalkulationsaufgabe ist im Normalfall so konzipiert, dass ihr nicht fertig werdet. Sollte es trotzdem der Fall sein, k\u00f6nnt ihr euch melden und lasst euch aufschreiben, dass ihr vorher fertig geworden seid. Dies kann dann letztendlich noch ber\u00fccksichtigt werden.<\/span><\/p><\/blockquote>\n<h5>Wie erfolgt die Bewertung?<\/h5>\n<blockquote><p><span style=\"font-family: Roboto, non-serif; font-size: 12pt;\">F\u00fcr jede Aufgabe wird eine bestimmte Punktzahl vergeben. Diese wird dann addiert und man erh\u00e4lt seine Punktzahl. Nat\u00fcrlich kann es sein, dass ihr in einer Aufgabe einen Fehler habt. Dann werden Fehlerpunkte abgezogen. Daraus ergibt sich dann euer Ergebnis. Beispiel: Ihr habt 86 Punkte erzielt und habt dabei 5 Fehler gemacht, dann habt ihr eine Gesamtpunktzahl von 81 (86 \u2013 5 = 81).Weitere Informationen zum Ablauf des Wettbewerbs und der Fehlerwertung erhaltet ihr in unserer Wettbewerbsordnung.<\/span><\/p><\/blockquote>\n","protected":false},"excerpt":{"rendered":"<p>Was ist das besondere an Tabellenkalkulation? Das wirklich besondere an der Tabellenkalkulation ist, dass es nicht mit einem Textverarbeitungsprogramm wie Word durchgef\u00fchrt wird, sondern in einem Tabellenkalkulationsprogramm wie Excel. Es hat vordergr\u00fcndig somit nicht mit dem Erstellen eines Textes oder dem Bearbeiten zu tun, sondern nutzt die Funktionen von Excel. Was muss ich machen? Ihr erhaltet eine detaillierte Aufgabenstellung, nach<\/p>\n","protected":false},"author":2,"featured_media":0,"parent":59,"menu_order":4,"comment_status":"closed","ping_status":"closed","template":"","meta":{"footnotes":""},"class_list":["post-87","page","type-page","status-publish","hentry","","tg-column-two"],"yoast_head":"<!-- This site is optimized with the Yoast SEO plugin v27.4 - https:\/\/yoast.com\/product\/yoast-seo-wordpress\/ -->\n<title>Wettbewerb Tabellenkalkulation - BJCKM<\/title>\n<meta name=\"robots\" content=\"index, follow, max-snippet:-1, max-image-preview:large, max-video-preview:-1\" \/>\n<link rel=\"canonical\" href=\"https:\/\/www.bjckm.de\/index.php\/bundesjugendschreiben\/info-bjs\/tabellenkalkulation\/\" \/>\n<meta property=\"og:locale\" content=\"de_DE\" \/>\n<meta property=\"og:type\" content=\"article\" \/>\n<meta property=\"og:title\" content=\"Wettbewerb Tabellenkalkulation - BJCKM\" \/>\n<meta property=\"og:description\" content=\"Was ist das besondere an Tabellenkalkulation? Das wirklich besondere an der Tabellenkalkulation ist, dass es nicht mit einem Textverarbeitungsprogramm wie Word durchgef\u00fchrt wird, sondern in einem Tabellenkalkulationsprogramm wie Excel. Es hat vordergr\u00fcndig somit nicht mit dem Erstellen eines Textes oder dem Bearbeiten zu tun, sondern nutzt die Funktionen von Excel. Was muss ich machen? Ihr erhaltet eine detaillierte Aufgabenstellung, nach\" \/>\n<meta property=\"og:url\" content=\"https:\/\/www.bjckm.de\/index.php\/bundesjugendschreiben\/info-bjs\/tabellenkalkulation\/\" \/>\n<meta property=\"og:site_name\" content=\"BJCKM\" \/>\n<meta property=\"article:publisher\" content=\"https:\/\/www.facebook.com\/bjckm\" \/>\n<meta property=\"article:modified_time\" content=\"2024-01-09T16:02:12+00:00\" \/>\n<meta name=\"twitter:card\" content=\"summary_large_image\" \/>\n<meta name=\"twitter:site\" content=\"@bjckm_steno\" \/>\n<meta name=\"twitter:label1\" content=\"Gesch\u00e4tzte Lesezeit\" \/>\n\t<meta name=\"twitter:data1\" content=\"1\u00a0Minute\" \/>\n<script type=\"application\/ld+json\" class=\"yoast-schema-graph\">{\"@context\":\"https:\\\/\\\/schema.org\",\"@graph\":[{\"@type\":\"WebPage\",\"@id\":\"https:\\\/\\\/www.bjckm.de\\\/index.php\\\/bundesjugendschreiben\\\/info-bjs\\\/tabellenkalkulation\\\/\",\"url\":\"https:\\\/\\\/www.bjckm.de\\\/index.php\\\/bundesjugendschreiben\\\/info-bjs\\\/tabellenkalkulation\\\/\",\"name\":\"Wettbewerb Tabellenkalkulation - BJCKM\",\"isPartOf\":{\"@id\":\"https:\\\/\\\/www.bjckm.de\\\/#website\"},\"datePublished\":\"2019-08-23T16:11:41+00:00\",\"dateModified\":\"2024-01-09T16:02:12+00:00\",\"breadcrumb\":{\"@id\":\"https:\\\/\\\/www.bjckm.de\\\/index.php\\\/bundesjugendschreiben\\\/info-bjs\\\/tabellenkalkulation\\\/#breadcrumb\"},\"inLanguage\":\"de\",\"potentialAction\":[{\"@type\":\"ReadAction\",\"target\":[\"https:\\\/\\\/www.bjckm.de\\\/index.php\\\/bundesjugendschreiben\\\/info-bjs\\\/tabellenkalkulation\\\/\"]}]},{\"@type\":\"BreadcrumbList\",\"@id\":\"https:\\\/\\\/www.bjckm.de\\\/index.php\\\/bundesjugendschreiben\\\/info-bjs\\\/tabellenkalkulation\\\/#breadcrumb\",\"itemListElement\":[{\"@type\":\"ListItem\",\"position\":1,\"name\":\"Startseite\",\"item\":\"https:\\\/\\\/www.bjckm.de\\\/\"},{\"@type\":\"ListItem\",\"position\":2,\"name\":\"Bundesjugendschreiben\",\"item\":\"https:\\\/\\\/www.bjckm.de\\\/index.php\\\/bundesjugendschreiben\\\/\"},{\"@type\":\"ListItem\",\"position\":3,\"name\":\"Was ist das Bundesjugendschreiben?\",\"item\":\"https:\\\/\\\/www.bjckm.de\\\/index.php\\\/bundesjugendschreiben\\\/info-bjs\\\/\"},{\"@type\":\"ListItem\",\"position\":4,\"name\":\"Wettbewerb Tabellenkalkulation\"}]},{\"@type\":\"WebSite\",\"@id\":\"https:\\\/\\\/www.bjckm.de\\\/#website\",\"url\":\"https:\\\/\\\/www.bjckm.de\\\/\",\"name\":\"BJCKM\",\"description\":\"Bundesjugend f\u00fcr Computer, Kurzschrift und Medien\",\"publisher\":{\"@id\":\"https:\\\/\\\/www.bjckm.de\\\/#organization\"},\"potentialAction\":[{\"@type\":\"SearchAction\",\"target\":{\"@type\":\"EntryPoint\",\"urlTemplate\":\"https:\\\/\\\/www.bjckm.de\\\/?s={search_term_string}\"},\"query-input\":{\"@type\":\"PropertyValueSpecification\",\"valueRequired\":true,\"valueName\":\"search_term_string\"}}],\"inLanguage\":\"de\"},{\"@type\":\"Organization\",\"@id\":\"https:\\\/\\\/www.bjckm.de\\\/#organization\",\"name\":\"Bundesjugend f\u00fcr Computer, Kurzschrift und Medien\",\"url\":\"https:\\\/\\\/www.bjckm.de\\\/\",\"logo\":{\"@type\":\"ImageObject\",\"inLanguage\":\"de\",\"@id\":\"https:\\\/\\\/www.bjckm.de\\\/#\\\/schema\\\/logo\\\/image\\\/\",\"url\":\"https:\\\/\\\/www.bjckm.de\\\/wp-content\\\/uploads\\\/2019\\\/10\\\/cropped-logo_bjckm_farbe_text_12000x3375-e1571842379885.png\",\"contentUrl\":\"https:\\\/\\\/www.bjckm.de\\\/wp-content\\\/uploads\\\/2019\\\/10\\\/cropped-logo_bjckm_farbe_text_12000x3375-e1571842379885.png\",\"width\":583,\"height\":115,\"caption\":\"Bundesjugend f\u00fcr Computer, Kurzschrift und Medien\"},\"image\":{\"@id\":\"https:\\\/\\\/www.bjckm.de\\\/#\\\/schema\\\/logo\\\/image\\\/\"},\"sameAs\":[\"https:\\\/\\\/www.facebook.com\\\/bjckm\",\"https:\\\/\\\/x.com\\\/bjckm_steno\",\"https:\\\/\\\/www.instagram.com\\\/bjckm19\"]}]}<\/script>\n<!-- \/ Yoast SEO plugin. -->","yoast_head_json":{"title":"Wettbewerb Tabellenkalkulation - BJCKM","robots":{"index":"index","follow":"follow","max-snippet":"max-snippet:-1","max-image-preview":"max-image-preview:large","max-video-preview":"max-video-preview:-1"},"canonical":"https:\/\/www.bjckm.de\/index.php\/bundesjugendschreiben\/info-bjs\/tabellenkalkulation\/","og_locale":"de_DE","og_type":"article","og_title":"Wettbewerb Tabellenkalkulation - BJCKM","og_description":"Was ist das besondere an Tabellenkalkulation? Das wirklich besondere an der Tabellenkalkulation ist, dass es nicht mit einem Textverarbeitungsprogramm wie Word durchgef\u00fchrt wird, sondern in einem Tabellenkalkulationsprogramm wie Excel. Es hat vordergr\u00fcndig somit nicht mit dem Erstellen eines Textes oder dem Bearbeiten zu tun, sondern nutzt die Funktionen von Excel. Was muss ich machen? Ihr erhaltet eine detaillierte Aufgabenstellung, nach","og_url":"https:\/\/www.bjckm.de\/index.php\/bundesjugendschreiben\/info-bjs\/tabellenkalkulation\/","og_site_name":"BJCKM","article_publisher":"https:\/\/www.facebook.com\/bjckm","article_modified_time":"2024-01-09T16:02:12+00:00","twitter_card":"summary_large_image","twitter_site":"@bjckm_steno","twitter_misc":{"Gesch\u00e4tzte Lesezeit":"1\u00a0Minute"},"schema":{"@context":"https:\/\/schema.org","@graph":[{"@type":"WebPage","@id":"https:\/\/www.bjckm.de\/index.php\/bundesjugendschreiben\/info-bjs\/tabellenkalkulation\/","url":"https:\/\/www.bjckm.de\/index.php\/bundesjugendschreiben\/info-bjs\/tabellenkalkulation\/","name":"Wettbewerb Tabellenkalkulation - BJCKM","isPartOf":{"@id":"https:\/\/www.bjckm.de\/#website"},"datePublished":"2019-08-23T16:11:41+00:00","dateModified":"2024-01-09T16:02:12+00:00","breadcrumb":{"@id":"https:\/\/www.bjckm.de\/index.php\/bundesjugendschreiben\/info-bjs\/tabellenkalkulation\/#breadcrumb"},"inLanguage":"de","potentialAction":[{"@type":"ReadAction","target":["https:\/\/www.bjckm.de\/index.php\/bundesjugendschreiben\/info-bjs\/tabellenkalkulation\/"]}]},{"@type":"BreadcrumbList","@id":"https:\/\/www.bjckm.de\/index.php\/bundesjugendschreiben\/info-bjs\/tabellenkalkulation\/#breadcrumb","itemListElement":[{"@type":"ListItem","position":1,"name":"Startseite","item":"https:\/\/www.bjckm.de\/"},{"@type":"ListItem","position":2,"name":"Bundesjugendschreiben","item":"https:\/\/www.bjckm.de\/index.php\/bundesjugendschreiben\/"},{"@type":"ListItem","position":3,"name":"Was ist das Bundesjugendschreiben?","item":"https:\/\/www.bjckm.de\/index.php\/bundesjugendschreiben\/info-bjs\/"},{"@type":"ListItem","position":4,"name":"Wettbewerb Tabellenkalkulation"}]},{"@type":"WebSite","@id":"https:\/\/www.bjckm.de\/#website","url":"https:\/\/www.bjckm.de\/","name":"BJCKM","description":"Bundesjugend f\u00fcr Computer, Kurzschrift und Medien","publisher":{"@id":"https:\/\/www.bjckm.de\/#organization"},"potentialAction":[{"@type":"SearchAction","target":{"@type":"EntryPoint","urlTemplate":"https:\/\/www.bjckm.de\/?s={search_term_string}"},"query-input":{"@type":"PropertyValueSpecification","valueRequired":true,"valueName":"search_term_string"}}],"inLanguage":"de"},{"@type":"Organization","@id":"https:\/\/www.bjckm.de\/#organization","name":"Bundesjugend f\u00fcr Computer, Kurzschrift und Medien","url":"https:\/\/www.bjckm.de\/","logo":{"@type":"ImageObject","inLanguage":"de","@id":"https:\/\/www.bjckm.de\/#\/schema\/logo\/image\/","url":"https:\/\/www.bjckm.de\/wp-content\/uploads\/2019\/10\/cropped-logo_bjckm_farbe_text_12000x3375-e1571842379885.png","contentUrl":"https:\/\/www.bjckm.de\/wp-content\/uploads\/2019\/10\/cropped-logo_bjckm_farbe_text_12000x3375-e1571842379885.png","width":583,"height":115,"caption":"Bundesjugend f\u00fcr Computer, Kurzschrift und Medien"},"image":{"@id":"https:\/\/www.bjckm.de\/#\/schema\/logo\/image\/"},"sameAs":["https:\/\/www.facebook.com\/bjckm","https:\/\/x.com\/bjckm_steno","https:\/\/www.instagram.com\/bjckm19"]}]}},"_links":{"self":[{"href":"https:\/\/www.bjckm.de\/index.php\/wp-json\/wp\/v2\/pages\/87","targetHints":{"allow":["GET"]}}],"collection":[{"href":"https:\/\/www.bjckm.de\/index.php\/wp-json\/wp\/v2\/pages"}],"about":[{"href":"https:\/\/www.bjckm.de\/index.php\/wp-json\/wp\/v2\/types\/page"}],"author":[{"embeddable":true,"href":"https:\/\/www.bjckm.de\/index.php\/wp-json\/wp\/v2\/users\/2"}],"replies":[{"embeddable":true,"href":"https:\/\/www.bjckm.de\/index.php\/wp-json\/wp\/v2\/comments?post=87"}],"version-history":[{"count":1,"href":"https:\/\/www.bjckm.de\/index.php\/wp-json\/wp\/v2\/pages\/87\/revisions"}],"predecessor-version":[{"id":1692,"href":"https:\/\/www.bjckm.de\/index.php\/wp-json\/wp\/v2\/pages\/87\/revisions\/1692"}],"up":[{"embeddable":true,"href":"https:\/\/www.bjckm.de\/index.php\/wp-json\/wp\/v2\/pages\/59"}],"wp:attachment":[{"href":"https:\/\/www.bjckm.de\/index.php\/wp-json\/wp\/v2\/media?parent=87"}],"curies":[{"name":"wp","href":"https:\/\/api.w.org\/{rel}","templated":true}]}}