{"id":93,"date":"2019-08-23T18:19:44","date_gmt":"2019-08-23T16:19:44","guid":{"rendered":"http:\/\/www.schuelerleistungsschreiben.de\/?page_id=93"},"modified":"2019-10-24T02:53:39","modified_gmt":"2019-10-24T00:53:39","slug":"staffelschreiben","status":"publish","type":"page","link":"https:\/\/www.bjckm.de\/index.php\/bundesjugendschreiben\/info-bjs\/staffelschreiben\/","title":{"rendered":"Wettbewerb Staffelschreiben"},"content":{"rendered":"<h5>Ich kenne Staffeln nur aus der Leichtathletik, was ist das also?<\/h5>\n<blockquote><p><span style=\"font-family: Roboto, non-serif; font-size: 12pt;\">Genau wie in der Leichtathletik mit den vier L\u00e4ufern beim 4 \u00d7 100-m-Lauf ben\u00f6tigt ihr hier vier Schreiber: Jeder von euch schreibt einen der vier Abs\u00e4tze der gedruckten Vorlage ab. W\u00e4hrenddessen stoppt ihr die Zeit.<\/span><\/p><\/blockquote>\n<h5>Wie wird der \u201eStaffelstab\u201c \u00fcbergeben?<\/h5>\n<blockquote><p><span style=\"font-family: Roboto, non-serif; font-size: 12pt;\">Einen richtigen Staffelstab wie in der Leichtathletik braucht ihr nicht. Ihr stellt euch in einer Reihe hintereinander auf. Der erste von euch sitzt und schreibt den ersten Absatz. Es bietet sich an, dass der zweite von euch bereits mitliest und genau wei\u00df, wann der Absatz zu Ende ist. Sobald der erste fertig ist, springt er auf und l\u00e4sst den zweiten Schreiber den zweiten Absatz schreiben. Das geht so weiter bis der vierte von euch seinen Absatz beendet und seine H\u00e4nde in die H\u00f6he rei\u00dft. Dann stoppt ihr eure Stoppuhr.<\/span><\/p><\/blockquote>\n<h5>Wie ermitteln wir jetzt unsere Punkte?<\/h5>\n<blockquote><p><span style=\"font-family: Roboto, non-serif; font-size: 12pt;\">Ihr nehmt eure gestoppte Zeit und rechnet diese in Sekunden um. Wenn ihr zum Beispiel 4:30 Minuten gebraucht habt, sind das 270 Sekunden. Dann teilt ihr 72 000 durch euer Ergebnis. Daraus ergibt sich eine Minutenanschlagszahl von 267 (72 000 \u00f7 270 = 267). Das sind gleichzeitig eure Punkte.<\/span><\/p><\/blockquote>\n<h5>Was passiert mit unseren Punkten, wenn wir Fehler in der Abschrift haben?<\/h5>\n<blockquote><p><span style=\"font-family: Roboto, non-serif; font-size: 12pt;\">Bei den ersten drei Fehlern passiert zun\u00e4chst einmal gar nichts. F\u00fcr jeden weiteren Fehler m\u00fcsst ihr 5 Strafsekunden auf eure gestoppte Zeit addieren. Durch diese errechnete Zahl wird dann der Wert 72 000 geteilt und man erh\u00e4lt seine Punktzahl. Beispiel: Die ben\u00f6tigte Zeit f\u00fcr die Abschrift betr\u00e4gt 270 Sekunden, in der Abschrift wurden 7 Fehler gemacht. Das sind also 4 Fehler mehr als erlaubt. Somit werden 4 \u00d7 5 Strafsekunden auf die 270 addiert. Man erh\u00e4lt also einen Wert von 290 (270 + 4 \u00d7 5 = 290). Dann teilt man 72 000 durch diesen Wert und erh\u00e4lt seine finale Punktzahl von 248 (72 000 \u00f7 290 = 248). Falls ihr noch genauere Informationen zum Wettbewerb haben wollt, k\u00f6nnt ihr diese in unserer Wettbewerbsordnung finden. Dort findet ihr auch eine Definition, was wirklich als Fehler gewertet wird.<\/span><\/p><\/blockquote>\n","protected":false},"excerpt":{"rendered":"<p>Ich kenne Staffeln nur aus der Leichtathletik, was ist das also? Genau wie in der Leichtathletik mit den vier L\u00e4ufern beim 4 \u00d7 100-m-Lauf ben\u00f6tigt ihr hier vier Schreiber: Jeder von euch schreibt einen der vier Abs\u00e4tze der gedruckten Vorlage ab. W\u00e4hrenddessen stoppt ihr die Zeit. Wie wird der \u201eStaffelstab\u201c \u00fcbergeben? Einen richtigen Staffelstab wie in der Leichtathletik braucht ihr<\/p>\n","protected":false},"author":2,"featured_media":0,"parent":59,"menu_order":5,"comment_status":"closed","ping_status":"closed","template":"","meta":{"footnotes":""},"class_list":["post-93","page","type-page","status-publish","hentry","","tg-column-two"],"yoast_head":"<!-- This site is optimized with the Yoast SEO plugin v27.4 - https:\/\/yoast.com\/product\/yoast-seo-wordpress\/ -->\n<title>Wettbewerb Staffelschreiben - BJCKM<\/title>\n<meta name=\"robots\" content=\"index, follow, max-snippet:-1, max-image-preview:large, max-video-preview:-1\" \/>\n<link rel=\"canonical\" href=\"https:\/\/www.bjckm.de\/index.php\/bundesjugendschreiben\/info-bjs\/staffelschreiben\/\" \/>\n<meta property=\"og:locale\" content=\"de_DE\" \/>\n<meta property=\"og:type\" content=\"article\" \/>\n<meta property=\"og:title\" content=\"Wettbewerb Staffelschreiben - BJCKM\" \/>\n<meta property=\"og:description\" content=\"Ich kenne Staffeln nur aus der Leichtathletik, was ist das also? Genau wie in der Leichtathletik mit den vier L\u00e4ufern beim 4 \u00d7 100-m-Lauf ben\u00f6tigt ihr hier vier Schreiber: Jeder von euch schreibt einen der vier Abs\u00e4tze der gedruckten Vorlage ab. W\u00e4hrenddessen stoppt ihr die Zeit. Wie wird der \u201eStaffelstab\u201c \u00fcbergeben? Einen richtigen Staffelstab wie in der Leichtathletik braucht ihr\" \/>\n<meta property=\"og:url\" content=\"https:\/\/www.bjckm.de\/index.php\/bundesjugendschreiben\/info-bjs\/staffelschreiben\/\" \/>\n<meta property=\"og:site_name\" content=\"BJCKM\" \/>\n<meta property=\"article:publisher\" content=\"https:\/\/www.facebook.com\/bjckm\" \/>\n<meta property=\"article:modified_time\" content=\"2019-10-24T00:53:39+00:00\" \/>\n<meta name=\"twitter:card\" content=\"summary_large_image\" \/>\n<meta name=\"twitter:site\" content=\"@bjckm_steno\" \/>\n<meta name=\"twitter:label1\" content=\"Gesch\u00e4tzte Lesezeit\" \/>\n\t<meta name=\"twitter:data1\" content=\"2\u00a0Minuten\" \/>\n<script type=\"application\/ld+json\" class=\"yoast-schema-graph\">{\"@context\":\"https:\\\/\\\/schema.org\",\"@graph\":[{\"@type\":\"WebPage\",\"@id\":\"https:\\\/\\\/www.bjckm.de\\\/index.php\\\/bundesjugendschreiben\\\/info-bjs\\\/staffelschreiben\\\/\",\"url\":\"https:\\\/\\\/www.bjckm.de\\\/index.php\\\/bundesjugendschreiben\\\/info-bjs\\\/staffelschreiben\\\/\",\"name\":\"Wettbewerb Staffelschreiben - BJCKM\",\"isPartOf\":{\"@id\":\"https:\\\/\\\/www.bjckm.de\\\/#website\"},\"datePublished\":\"2019-08-23T16:19:44+00:00\",\"dateModified\":\"2019-10-24T00:53:39+00:00\",\"breadcrumb\":{\"@id\":\"https:\\\/\\\/www.bjckm.de\\\/index.php\\\/bundesjugendschreiben\\\/info-bjs\\\/staffelschreiben\\\/#breadcrumb\"},\"inLanguage\":\"de\",\"potentialAction\":[{\"@type\":\"ReadAction\",\"target\":[\"https:\\\/\\\/www.bjckm.de\\\/index.php\\\/bundesjugendschreiben\\\/info-bjs\\\/staffelschreiben\\\/\"]}]},{\"@type\":\"BreadcrumbList\",\"@id\":\"https:\\\/\\\/www.bjckm.de\\\/index.php\\\/bundesjugendschreiben\\\/info-bjs\\\/staffelschreiben\\\/#breadcrumb\",\"itemListElement\":[{\"@type\":\"ListItem\",\"position\":1,\"name\":\"Startseite\",\"item\":\"https:\\\/\\\/www.bjckm.de\\\/\"},{\"@type\":\"ListItem\",\"position\":2,\"name\":\"Bundesjugendschreiben\",\"item\":\"https:\\\/\\\/www.bjckm.de\\\/index.php\\\/bundesjugendschreiben\\\/\"},{\"@type\":\"ListItem\",\"position\":3,\"name\":\"Was ist das Bundesjugendschreiben?\",\"item\":\"https:\\\/\\\/www.bjckm.de\\\/index.php\\\/bundesjugendschreiben\\\/info-bjs\\\/\"},{\"@type\":\"ListItem\",\"position\":4,\"name\":\"Wettbewerb Staffelschreiben\"}]},{\"@type\":\"WebSite\",\"@id\":\"https:\\\/\\\/www.bjckm.de\\\/#website\",\"url\":\"https:\\\/\\\/www.bjckm.de\\\/\",\"name\":\"BJCKM\",\"description\":\"Bundesjugend f\u00fcr Computer, Kurzschrift und Medien\",\"publisher\":{\"@id\":\"https:\\\/\\\/www.bjckm.de\\\/#organization\"},\"potentialAction\":[{\"@type\":\"SearchAction\",\"target\":{\"@type\":\"EntryPoint\",\"urlTemplate\":\"https:\\\/\\\/www.bjckm.de\\\/?s={search_term_string}\"},\"query-input\":{\"@type\":\"PropertyValueSpecification\",\"valueRequired\":true,\"valueName\":\"search_term_string\"}}],\"inLanguage\":\"de\"},{\"@type\":\"Organization\",\"@id\":\"https:\\\/\\\/www.bjckm.de\\\/#organization\",\"name\":\"Bundesjugend f\u00fcr Computer, Kurzschrift und Medien\",\"url\":\"https:\\\/\\\/www.bjckm.de\\\/\",\"logo\":{\"@type\":\"ImageObject\",\"inLanguage\":\"de\",\"@id\":\"https:\\\/\\\/www.bjckm.de\\\/#\\\/schema\\\/logo\\\/image\\\/\",\"url\":\"https:\\\/\\\/www.bjckm.de\\\/wp-content\\\/uploads\\\/2019\\\/10\\\/cropped-logo_bjckm_farbe_text_12000x3375-e1571842379885.png\",\"contentUrl\":\"https:\\\/\\\/www.bjckm.de\\\/wp-content\\\/uploads\\\/2019\\\/10\\\/cropped-logo_bjckm_farbe_text_12000x3375-e1571842379885.png\",\"width\":583,\"height\":115,\"caption\":\"Bundesjugend f\u00fcr Computer, Kurzschrift und Medien\"},\"image\":{\"@id\":\"https:\\\/\\\/www.bjckm.de\\\/#\\\/schema\\\/logo\\\/image\\\/\"},\"sameAs\":[\"https:\\\/\\\/www.facebook.com\\\/bjckm\",\"https:\\\/\\\/x.com\\\/bjckm_steno\",\"https:\\\/\\\/www.instagram.com\\\/bjckm19\"]}]}<\/script>\n<!-- \/ Yoast SEO plugin. -->","yoast_head_json":{"title":"Wettbewerb Staffelschreiben - BJCKM","robots":{"index":"index","follow":"follow","max-snippet":"max-snippet:-1","max-image-preview":"max-image-preview:large","max-video-preview":"max-video-preview:-1"},"canonical":"https:\/\/www.bjckm.de\/index.php\/bundesjugendschreiben\/info-bjs\/staffelschreiben\/","og_locale":"de_DE","og_type":"article","og_title":"Wettbewerb Staffelschreiben - BJCKM","og_description":"Ich kenne Staffeln nur aus der Leichtathletik, was ist das also? Genau wie in der Leichtathletik mit den vier L\u00e4ufern beim 4 \u00d7 100-m-Lauf ben\u00f6tigt ihr hier vier Schreiber: Jeder von euch schreibt einen der vier Abs\u00e4tze der gedruckten Vorlage ab. W\u00e4hrenddessen stoppt ihr die Zeit. Wie wird der \u201eStaffelstab\u201c \u00fcbergeben? Einen richtigen Staffelstab wie in der Leichtathletik braucht ihr","og_url":"https:\/\/www.bjckm.de\/index.php\/bundesjugendschreiben\/info-bjs\/staffelschreiben\/","og_site_name":"BJCKM","article_publisher":"https:\/\/www.facebook.com\/bjckm","article_modified_time":"2019-10-24T00:53:39+00:00","twitter_card":"summary_large_image","twitter_site":"@bjckm_steno","twitter_misc":{"Gesch\u00e4tzte Lesezeit":"2\u00a0Minuten"},"schema":{"@context":"https:\/\/schema.org","@graph":[{"@type":"WebPage","@id":"https:\/\/www.bjckm.de\/index.php\/bundesjugendschreiben\/info-bjs\/staffelschreiben\/","url":"https:\/\/www.bjckm.de\/index.php\/bundesjugendschreiben\/info-bjs\/staffelschreiben\/","name":"Wettbewerb Staffelschreiben - BJCKM","isPartOf":{"@id":"https:\/\/www.bjckm.de\/#website"},"datePublished":"2019-08-23T16:19:44+00:00","dateModified":"2019-10-24T00:53:39+00:00","breadcrumb":{"@id":"https:\/\/www.bjckm.de\/index.php\/bundesjugendschreiben\/info-bjs\/staffelschreiben\/#breadcrumb"},"inLanguage":"de","potentialAction":[{"@type":"ReadAction","target":["https:\/\/www.bjckm.de\/index.php\/bundesjugendschreiben\/info-bjs\/staffelschreiben\/"]}]},{"@type":"BreadcrumbList","@id":"https:\/\/www.bjckm.de\/index.php\/bundesjugendschreiben\/info-bjs\/staffelschreiben\/#breadcrumb","itemListElement":[{"@type":"ListItem","position":1,"name":"Startseite","item":"https:\/\/www.bjckm.de\/"},{"@type":"ListItem","position":2,"name":"Bundesjugendschreiben","item":"https:\/\/www.bjckm.de\/index.php\/bundesjugendschreiben\/"},{"@type":"ListItem","position":3,"name":"Was ist das Bundesjugendschreiben?","item":"https:\/\/www.bjckm.de\/index.php\/bundesjugendschreiben\/info-bjs\/"},{"@type":"ListItem","position":4,"name":"Wettbewerb Staffelschreiben"}]},{"@type":"WebSite","@id":"https:\/\/www.bjckm.de\/#website","url":"https:\/\/www.bjckm.de\/","name":"BJCKM","description":"Bundesjugend f\u00fcr Computer, Kurzschrift und Medien","publisher":{"@id":"https:\/\/www.bjckm.de\/#organization"},"potentialAction":[{"@type":"SearchAction","target":{"@type":"EntryPoint","urlTemplate":"https:\/\/www.bjckm.de\/?s={search_term_string}"},"query-input":{"@type":"PropertyValueSpecification","valueRequired":true,"valueName":"search_term_string"}}],"inLanguage":"de"},{"@type":"Organization","@id":"https:\/\/www.bjckm.de\/#organization","name":"Bundesjugend f\u00fcr Computer, Kurzschrift und Medien","url":"https:\/\/www.bjckm.de\/","logo":{"@type":"ImageObject","inLanguage":"de","@id":"https:\/\/www.bjckm.de\/#\/schema\/logo\/image\/","url":"https:\/\/www.bjckm.de\/wp-content\/uploads\/2019\/10\/cropped-logo_bjckm_farbe_text_12000x3375-e1571842379885.png","contentUrl":"https:\/\/www.bjckm.de\/wp-content\/uploads\/2019\/10\/cropped-logo_bjckm_farbe_text_12000x3375-e1571842379885.png","width":583,"height":115,"caption":"Bundesjugend f\u00fcr Computer, Kurzschrift und Medien"},"image":{"@id":"https:\/\/www.bjckm.de\/#\/schema\/logo\/image\/"},"sameAs":["https:\/\/www.facebook.com\/bjckm","https:\/\/x.com\/bjckm_steno","https:\/\/www.instagram.com\/bjckm19"]}]}},"_links":{"self":[{"href":"https:\/\/www.bjckm.de\/index.php\/wp-json\/wp\/v2\/pages\/93","targetHints":{"allow":["GET"]}}],"collection":[{"href":"https:\/\/www.bjckm.de\/index.php\/wp-json\/wp\/v2\/pages"}],"about":[{"href":"https:\/\/www.bjckm.de\/index.php\/wp-json\/wp\/v2\/types\/page"}],"author":[{"embeddable":true,"href":"https:\/\/www.bjckm.de\/index.php\/wp-json\/wp\/v2\/users\/2"}],"replies":[{"embeddable":true,"href":"https:\/\/www.bjckm.de\/index.php\/wp-json\/wp\/v2\/comments?post=93"}],"version-history":[{"count":1,"href":"https:\/\/www.bjckm.de\/index.php\/wp-json\/wp\/v2\/pages\/93\/revisions"}],"predecessor-version":[{"id":1171,"href":"https:\/\/www.bjckm.de\/index.php\/wp-json\/wp\/v2\/pages\/93\/revisions\/1171"}],"up":[{"embeddable":true,"href":"https:\/\/www.bjckm.de\/index.php\/wp-json\/wp\/v2\/pages\/59"}],"wp:attachment":[{"href":"https:\/\/www.bjckm.de\/index.php\/wp-json\/wp\/v2\/media?parent=93"}],"curies":[{"name":"wp","href":"https:\/\/api.w.org\/{rel}","templated":true}]}}